{"id":998,"date":"2023-10-05T19:04:48","date_gmt":"2023-10-05T18:04:48","guid":{"rendered":"https:\/\/socio-bee.eu\/?page_id=998"},"modified":"2024-05-16T11:39:33","modified_gmt":"2024-05-16T10:39:33","slug":"acerca-de-socio-bee","status":"publish","type":"page","link":"https:\/\/socio-bee.eu\/?page_id=998&lang=es","title":{"rendered":"Acerca de SOCIO-BEE"},"content":{"rendered":"<p>[et_pb_section fb_built=&#8221;1&#8243; admin_label=&#8221;section&#8221; _builder_version=&#8221;4.21.0&#8243; background_color=&#8221;RGBA(255,255,255,0)&#8221; background_enable_image=&#8221;off&#8221; background_size=&#8221;contain&#8221; background_position=&#8221;top_center&#8221; custom_padding=&#8221;||||false|false&#8221; background_last_edited=&#8221;on|phone&#8221; background_image_phone=&#8221;https:\/\/socio-bee.eu\/wp-content\/uploads\/2022\/04\/SOCIO-BEE-Logo-for-communication-transparent.png&#8221; background_enable_image_phone=&#8221;on&#8221; global_colors_info=&#8221;{}&#8221;][et_pb_row column_structure=&#8221;2_3,1_3&#8243; _builder_version=&#8221;4.21.0&#8243; _module_preset=&#8221;default&#8221; global_colors_info=&#8221;{}&#8221;][et_pb_column type=&#8221;2_3&#8243; _builder_version=&#8221;4.21.0&#8243; _module_preset=&#8221;default&#8221; global_colors_info=&#8221;{}&#8221;][et_pb_image src=&#8221;https:\/\/socio-bee.eu\/wp-content\/uploads\/2023\/10\/socio-bee_family_lores_logo.jpg&#8221; title_text=&#8221;socio-bee_family_lores_logo&#8221; _builder_version=&#8221;4.21.0&#8243; _module_preset=&#8221;default&#8221; box_shadow_style=&#8221;preset2&#8243; box_shadow_color=&#8221;#000000&#8243; global_colors_info=&#8221;{}&#8221;][\/et_pb_image][\/et_pb_column][et_pb_column type=&#8221;1_3&#8243; _builder_version=&#8221;4.21.0&#8243; _module_preset=&#8221;default&#8221; global_colors_info=&#8221;{}&#8221;][et_pb_text _builder_version=&#8221;4.21.0&#8243; header_font=&#8221;Roboto|700|||||||&#8221; header_text_align=&#8221;center&#8221; header_text_color=&#8221;#5a0c1c&#8221; header_font_size=&#8221;50px&#8221; animation_style=&#8221;slide&#8221; animation_direction=&#8221;left&#8221; global_colors_info=&#8221;{}&#8221;]<\/p>\n<h1>Acerca del proyecto SOCIO-BEE<\/h1>\n<p>[\/et_pb_text][et_pb_text _builder_version=&#8221;4.21.0&#8243; _module_preset=&#8221;default&#8221; text_font=&#8221;Roboto||||||||&#8221; text_text_color=&#8221;#474747&#8243; text_font_size=&#8221;18px&#8221; header_font=&#8221;Roboto||||||||&#8221; header_font_size=&#8221;23px&#8221; header_3_font=&#8221;Roboto||||||||&#8221; header_3_text_align=&#8221;center&#8221; header_3_font_size=&#8221;31px&#8221; header_3_line_height=&#8221;1.1em&#8221; custom_padding=&#8221;||2px|||&#8221; global_colors_info=&#8221;{}&#8221;]<\/p>\n<p>Conoce las motivaciones, retos y resultados de un consorcio europeo y multidisciplinar que trabaja para crear comunidades de ciudadanos informados que utilicen la ciencia ciudadana para monitorizar la calidad del aire de su entorno.<\/p>\n<p>[\/et_pb_text][\/et_pb_column][\/et_pb_row][\/et_pb_section][et_pb_section fb_built=&#8221;1&#8243; prev_background_color=&#8221;RGBA(255,255,255,0)&#8221; _builder_version=&#8221;4.21.0&#8243; background_color=&#8221;rgba(224,153,0,0.5)&#8221; custom_padding=&#8221;3px||71px|||&#8221; top_divider_style=&#8221;ramp&#8221; bottom_divider_style=&#8221;waves2&#8243; bottom_divider_color=&#8221;#FFFFFF&#8221; global_colors_info=&#8221;{}&#8221;][et_pb_row column_structure=&#8221;1_2,1_2&#8243; _builder_version=&#8221;4.16&#8243; animation_style=&#8221;slide&#8221; animation_direction=&#8221;left&#8221; global_colors_info=&#8221;{}&#8221;][et_pb_column type=&#8221;1_2&#8243; _builder_version=&#8221;4.16&#8243; global_colors_info=&#8221;{}&#8221;][et_pb_text _builder_version=&#8221;4.21.0&#8243; header_font=&#8221;Roboto|700|||||||&#8221; header_text_color=&#8221;#5a0c1c&#8221; header_font_size=&#8221;50px&#8221; animation_style=&#8221;slide&#8221; animation_direction=&#8221;left&#8221; global_colors_info=&#8221;{}&#8221;]<\/p>\n<h1>\u00bfPor qu\u00e9 las abejas?<\/h1>\n<p>[\/et_pb_text][et_pb_divider color=&#8221;#5a0c1c&#8221; _builder_version=&#8221;4.16&#8243; width=&#8221;30%&#8221; global_colors_info=&#8221;{}&#8221;][\/et_pb_divider][et_pb_text _builder_version=&#8221;4.21.0&#8243; text_font=&#8221;Roboto||||||||&#8221; text_text_color=&#8221;#474747&#8243; text_font_size=&#8221;18px&#8221; header_font=&#8221;Roboto||||||||&#8221; header_font_size=&#8221;23px&#8221; header_3_font=&#8221;Roboto||||||||&#8221; header_3_text_align=&#8221;center&#8221; header_3_font_size=&#8221;31px&#8221; header_3_line_height=&#8221;1.1em&#8221; custom_padding=&#8221;||2px|||&#8221; global_colors_info=&#8221;{}&#8221;]<\/p>\n<p>Al igual que en la naturaleza, las abejas reinas, las obreras y los z\u00e1nganos desempe\u00f1an un papel importante en sus colmenas.<\/p>\n<p>En SOCIO-BEE tomamos la met\u00e1fora de la abeja para nuestra estrategia de ciencia ciudadana, en la que todo el mundo puede participar con distintos niveles de compromiso, todos ellos valiosos e importantes.<\/p>\n<p>Los datos recogidos por las colmenas son la miel y, como puede imaginar, esto es interesante para nuestros osos mel\u00edferos, que son partes interesadas en distintos \u00e1mbitos de la sociedad.<\/p>\n<p>Estamos probando nuestras colmenas en tres lugares piloto distintos con poblaciones diferentes, como adultos j\u00f3venes, ancianos y personas que se desplazan a diario al trabajo. \u00a1\u00danete a nosotros!<\/p>\n<p>[\/et_pb_text][\/et_pb_column][et_pb_column type=&#8221;1_2&#8243; _builder_version=&#8221;4.16&#8243; global_colors_info=&#8221;{}&#8221;][et_pb_image src=&#8221;https:\/\/socio-bee.eu\/wp-content\/uploads\/2023\/06\/socio-bee-mediciones_3.jpg&#8221; title_text=&#8221;socio-bee-mediciones_3&#8243; align=&#8221;center&#8221; _builder_version=&#8221;4.21.0&#8243; background_color=&#8221;#E09900&#8243; width=&#8221;50%&#8221; box_shadow_style=&#8221;preset4&#8243; box_shadow_horizontal=&#8221;25px&#8221; box_shadow_vertical=&#8221;25px&#8221; box_shadow_spread=&#8221;10px&#8221; box_shadow_color=&#8221;#E09900&#8243; global_colors_info=&#8221;{}&#8221;][\/et_pb_image][\/et_pb_column][\/et_pb_row][\/et_pb_section][et_pb_section fb_built=&#8221;1&#8243; _builder_version=&#8221;4.16&#8243; bottom_divider_style=&#8221;waves2&#8243; bottom_divider_color=&#8221;#FFFFFF&#8221; animation_style=&#8221;slide&#8221; animation_direction=&#8221;left&#8221; global_colors_info=&#8221;{}&#8221;][et_pb_row _builder_version=&#8221;4.16&#8243; custom_padding=&#8221;||3px|||&#8221; global_colors_info=&#8221;{}&#8221;][et_pb_column type=&#8221;4_4&#8243; _builder_version=&#8221;4.16&#8243; global_colors_info=&#8221;{}&#8221;][et_pb_text _builder_version=&#8221;4.21.0&#8243; header_font=&#8221;Roboto|700|||||||&#8221; header_text_color=&#8221;#5a0c1c&#8221; header_font_size=&#8221;50px&#8221; animation_style=&#8221;slide&#8221; animation_direction=&#8221;left&#8221; global_colors_info=&#8221;{}&#8221;]<\/p>\n<div class=\"et_pb_module et_pb_text et_pb_text_10 et_pb_text_align_left et_pb_bg_layout_light et_had_animation\">\n<div class=\"et_pb_text_inner\">\n<h1>Construcci\u00f3n de comunidades<\/h1>\n<h1>a trav\u00e9s de la cocreaci\u00f3n y la tecnolog\u00eda<\/h1>\n<\/div>\n<\/div>\n<p>[\/et_pb_text][et_pb_divider color=&#8221;#5a0c1c&#8221; _builder_version=&#8221;4.16&#8243; width=&#8221;30%&#8221; global_colors_info=&#8221;{}&#8221;][\/et_pb_divider][et_pb_text _builder_version=&#8221;4.21.0&#8243; text_font=&#8221;Roboto||||||||&#8221; text_text_color=&#8221;#474747&#8243; text_font_size=&#8221;18px&#8221; header_font=&#8221;Roboto||||||||&#8221; header_font_size=&#8221;23px&#8221; header_3_font=&#8221;Roboto||||||||&#8221; header_3_text_align=&#8221;center&#8221; header_3_font_size=&#8221;31px&#8221; header_3_line_height=&#8221;1.1em&#8221; global_colors_info=&#8221;{}&#8221;]<\/p>\n<div class=\"et_pb_module et_pb_text et_pb_text_11  et_pb_text_align_left et_pb_bg_layout_light\">\n<div class=\"et_pb_text_inner\">\n<p>\u00a1Bienvenido al futuro de la participaci\u00f3n ciudadana!<\/p>\n<p>El proyecto SOCIO-BEE lidera el camino con un enfoque innovador de cocreaci\u00f3n y tecnolog\u00eda. Nuestro objetivo es dise\u00f1ar, desplegar y validar una plataforma de ciencia ciudadana de nueva generaci\u00f3n que utiliza dispositivos port\u00e1tiles para la medici\u00f3n de la calidad del aire. Con el apoyo de responsables de la toma de decisiones y grupos de acci\u00f3n locales, estamos creando experimentos sostenibles, escalables y reproducibles, creados conjuntamente con usuarios como t\u00fa.<\/p>\n<p>Pero SOCIO-BEE es algo m\u00e1s que una plataforma: nos hemos comprometido a facilitar la ciencia ciudadana a trav\u00e9s de una plataforma de experimentos y campa\u00f1as cient\u00edficas que permite a los usuarios elegir entre una serie de modelos personalizables.<\/p>\n<p>Estas herramientas ofrecer\u00e1n programas de participaci\u00f3n y campa\u00f1as que realmente faciliten a las comunidades influir en la toma de decisiones y reducir los niveles de contaminaci\u00f3n en las ciudades.<\/p>\n<p>Nuestro objetivo es afianzar la confianza entre las comunidades interesadas en mejorar la calidad del aire que respiramos y crear un futuro mejor y m\u00e1s sostenible para todos.<\/p>\n<p>\u00danete a nosotros en este apasionante viaje hacia el empoderamiento ciudadano y la sostenibilidad medioambiental.<\/p>\n<\/div>\n<\/div>\n<p>[\/et_pb_text][\/et_pb_column][\/et_pb_row][et_pb_row column_structure=&#8221;1_2,1_2&#8243; _builder_version=&#8221;4.16&#8243; custom_padding=&#8221;||4px|||&#8221; global_colors_info=&#8221;{}&#8221;][et_pb_column type=&#8221;1_2&#8243; _builder_version=&#8221;4.16&#8243; global_colors_info=&#8221;{}&#8221;][et_pb_image src=&#8221;https:\/\/socio-bee.eu\/wp-content\/uploads\/2022\/02\/weareables.png&#8221; align=&#8221;center&#8221; _builder_version=&#8221;4.16&#8243; width=&#8221;50%&#8221; global_colors_info=&#8221;{}&#8221;][\/et_pb_image][\/et_pb_column][et_pb_column type=&#8221;1_2&#8243; _builder_version=&#8221;4.16&#8243; global_colors_info=&#8221;{}&#8221;][et_pb_image src=&#8221;https:\/\/socio-bee.eu\/wp-content\/uploads\/2022\/02\/drones.png&#8221; align=&#8221;center&#8221; _builder_version=&#8221;4.16&#8243; width=&#8221;50%&#8221; global_colors_info=&#8221;{}&#8221;][\/et_pb_image][\/et_pb_column][\/et_pb_row][et_pb_row column_structure=&#8221;2_5,3_5&#8243; _builder_version=&#8221;4.16&#8243; global_colors_info=&#8221;{}&#8221;][et_pb_column type=&#8221;2_5&#8243; _builder_version=&#8221;4.16&#8243; global_colors_info=&#8221;{}&#8221;][et_pb_text _builder_version=&#8221;4.21.0&#8243; header_font=&#8221;Roboto|700|||||||&#8221; header_text_color=&#8221;#5a0c1c&#8221; header_font_size=&#8221;50px&#8221; animation_style=&#8221;slide&#8221; animation_direction=&#8221;left&#8221; global_colors_info=&#8221;{}&#8221;]<\/p>\n<h1>Desaf\u00edo<\/h1>\n<p>[\/et_pb_text][et_pb_text _builder_version=&#8221;4.21.0&#8243; header_font=&#8221;Roboto|700|||||||&#8221; header_text_color=&#8221;#5a0c1c&#8221; header_font_size=&#8221;50px&#8221; animation_style=&#8221;slide&#8221; animation_direction=&#8221;left&#8221; global_colors_info=&#8221;{}&#8221;]<\/p>\n<h1>Resultado<\/h1>\n<p>[\/et_pb_text][\/et_pb_column][et_pb_column type=&#8221;3_5&#8243; _builder_version=&#8221;4.16&#8243; global_colors_info=&#8221;{}&#8221;][et_pb_text _builder_version=&#8221;4.21.0&#8243; text_font=&#8221;Roboto||||||||&#8221; text_text_color=&#8221;#474747&#8243; text_font_size=&#8221;18px&#8221; header_font=&#8221;Roboto||||||||&#8221; header_font_size=&#8221;23px&#8221; header_3_font=&#8221;Roboto||||||||&#8221; header_3_text_align=&#8221;center&#8221; header_3_font_size=&#8221;31px&#8221; header_3_line_height=&#8221;1.1em&#8221; global_colors_info=&#8221;{}&#8221;]<\/p>\n<p style=\"text-align: center;\">\u00bfEst\u00e1 preparado para un reto? El proyecto SOCIO-BEE se est\u00e1 encargando de recopilar datos de alta resoluci\u00f3n sobre la calidad del aire mediante una detecci\u00f3n oportunista que garantice su replicabilidad. Creemos que los ciudadanos, los responsables pol\u00edticos, los sectores voluntarios y las empresas tienen un papel que desempe\u00f1ar como administradores de las pol\u00edticas de reducci\u00f3n de la contaminaci\u00f3n atmosf\u00e9rica.<\/p>\n<p>[\/et_pb_text][et_pb_text _builder_version=&#8221;4.21.0&#8243; text_font=&#8221;Roboto||||||||&#8221; text_text_color=&#8221;#474747&#8243; text_font_size=&#8221;18px&#8221; header_font=&#8221;Roboto||||||||&#8221; global_colors_info=&#8221;{}&#8221;]<\/p>\n<p style=\"text-align: center;\">Nuestro resultado es claro: un futuro m\u00e1s limpio, saludable y sostenible para todos. Trabajando juntos, podemos crear pol\u00edticas que reduzcan los niveles de contaminaci\u00f3n y garanticen que nuestro aire sea seguro para respirar. Con los datos a nuestro alcance, podemos tomar decisiones informadas y emprender acciones significativas hacia un futuro m\u00e1s sostenible. \u00danete a nosotros en este viaje hacia un ma\u00f1ana m\u00e1s brillante y convi\u00e9rtete hoy mismo en un guardi\u00e1n de las pol\u00edticas de reducci\u00f3n de la contaminaci\u00f3n atmosf\u00e9rica.<\/p>\n<p>[\/et_pb_text][\/et_pb_column][\/et_pb_row][\/et_pb_section][et_pb_section fb_built=&#8221;1&#8243; fullwidth=&#8221;on&#8221; _builder_version=&#8221;4.21.0&#8243; _module_preset=&#8221;default&#8221; global_colors_info=&#8221;{}&#8221;][et_pb_fullwidth_image src=&#8221;https:\/\/socio-bee.eu\/wp-content\/uploads\/2023\/10\/socio-bee-mediciones_4.jpg&#8221; title_text=&#8221;socio-bee-mediciones_4&#8243; _builder_version=&#8221;4.21.0&#8243; _module_preset=&#8221;default&#8221; use_background_color_gradient=&#8221;on&#8221; background_color_gradient_direction=&#8221;197deg&#8221; background_color_gradient_stops=&#8221;#e09900 1%|#edf000 100%&#8221; background_color_gradient_overlays_image=&#8221;on&#8221; global_colors_info=&#8221;{}&#8221;][\/et_pb_fullwidth_image][\/et_pb_section][et_pb_section fb_built=&#8221;1&#8243; _builder_version=&#8221;4.16&#8243; global_colors_info=&#8221;{}&#8221;][et_pb_row _builder_version=&#8221;4.16&#8243; global_colors_info=&#8221;{}&#8221;][et_pb_column type=&#8221;4_4&#8243; _builder_version=&#8221;4.16&#8243; global_colors_info=&#8221;{}&#8221;][et_pb_text _builder_version=&#8221;4.21.0&#8243; header_font=&#8221;Roboto|700|||||||&#8221; header_text_color=&#8221;#5a0c1c&#8221; header_font_size=&#8221;50px&#8221; animation_style=&#8221;slide&#8221; animation_direction=&#8221;left&#8221; global_colors_info=&#8221;{}&#8221;]<\/p>\n<h1>Conoce el consorioc de SOCIO-BEE <\/h1>\n<p>[\/et_pb_text][et_pb_divider color=&#8221;#5a0c1c&#8221; _builder_version=&#8221;4.16&#8243; width=&#8221;30%&#8221; global_colors_info=&#8221;{}&#8221;][\/et_pb_divider][et_pb_image src=&#8221;https:\/\/socio-bee.eu\/wp-content\/uploads\/2023\/09\/consorcio_sociobee_2023.png&#8221; title_text=&#8221;consorcio_sociobee_2023&#8243; _builder_version=&#8221;4.21.0&#8243; global_colors_info=&#8221;{}&#8221;][\/et_pb_image][\/et_pb_column][\/et_pb_row][\/et_pb_section][et_pb_section fb_built=&#8221;1&#8243; _builder_version=&#8221;4.16&#8243; background_color=&#8221;rgba(224,153,0,0.5)&#8221; global_colors_info=&#8221;{}&#8221;][et_pb_row _builder_version=&#8221;4.16&#8243; global_colors_info=&#8221;{}&#8221;][et_pb_column type=&#8221;4_4&#8243; _builder_version=&#8221;4.16&#8243; global_colors_info=&#8221;{}&#8221;][et_pb_text _builder_version=&#8221;4.21.0&#8243; text_font_size=&#8221;18px&#8221; header_font=&#8221;Roboto|700|||||||&#8221; header_text_color=&#8221;#5a0c1c&#8221; header_font_size=&#8221;50px&#8221; animation_style=&#8221;slide&#8221; animation_direction=&#8221;left&#8221; global_colors_info=&#8221;{}&#8221;]<\/p>\n<h1>\u00danete a la comunidad de SOCIO-BEE<\/h1>\n<p>Conoce de los avances del proyecto e invol\u00facrese en su desarrollo a trav\u00e9s de nuestros perfiles en las redes sociales.<\/p>\n<p>[\/et_pb_text][et_pb_social_media_follow icon_color=&#8221;#ffffff&#8221; use_icon_font_size=&#8221;on&#8221; icon_font_size=&#8221;40px&#8221; _builder_version=&#8221;4.16&#8243; text_orientation=&#8221;center&#8221; custom_padding=&#8221;||||false|false&#8221; global_colors_info=&#8221;{}&#8221;][et_pb_social_media_follow_network social_network=&#8221;linkedin&#8221; url=&#8221;https:\/\/www.linkedin.com\/company\/socio-bee\/&#8221; _builder_version=&#8221;4.16&#8243; background_color=&#8221;#007bb6&#8243; global_colors_info=&#8221;{}&#8221; follow_button=&#8221;off&#8221; url_new_window=&#8221;on&#8221;]linkedin[\/et_pb_social_media_follow_network][et_pb_social_media_follow_network social_network=&#8221;twitter&#8221; url=&#8221;https:\/\/twitter.com\/socio_bee?lang=en&#8221; _builder_version=&#8221;4.16&#8243; background_color=&#8221;#00aced&#8221; global_colors_info=&#8221;{}&#8221; follow_button=&#8221;off&#8221; url_new_window=&#8221;on&#8221;]twitter[\/et_pb_social_media_follow_network][et_pb_social_media_follow_network social_network=&#8221;facebook&#8221; url=&#8221;https:\/\/www.facebook.com\/sociobee.h2020\/&#8221; _builder_version=&#8221;4.16&#8243; background_color=&#8221;#3b5998&#8243; global_colors_info=&#8221;{}&#8221; follow_button=&#8221;off&#8221; url_new_window=&#8221;on&#8221;]facebook[\/et_pb_social_media_follow_network][et_pb_social_media_follow_network social_network=&#8221;youtube&#8221; url=&#8221;https:\/\/www.youtube.com\/@socio-bee&#8221; _builder_version=&#8221;4.16&#8243; background_color=&#8221;#a82400&#8243; global_colors_info=&#8221;{}&#8221; follow_button=&#8221;off&#8221; url_new_window=&#8221;on&#8221;]youtube[\/et_pb_social_media_follow_network][\/et_pb_social_media_follow][\/et_pb_column][\/et_pb_row][\/et_pb_section][et_pb_section fb_built=&#8221;1&#8243; _builder_version=&#8221;4.21.0&#8243; _module_preset=&#8221;default&#8221; global_colors_info=&#8221;{}&#8221;][et_pb_row _builder_version=&#8221;4.21.0&#8243; _module_preset=&#8221;default&#8221; global_colors_info=&#8221;{}&#8221;][et_pb_column type=&#8221;4_4&#8243; _builder_version=&#8221;4.21.0&#8243; _module_preset=&#8221;default&#8221; global_colors_info=&#8221;{}&#8221;][et_pb_contact_form email=&#8221;Luka.Van.Der.Veer@vub.be&#8221; title=&#8221;CONTACTO&#8221; success_message=&#8221;Thank you for writing us. You will recieve answer ASAP&#8221; _builder_version=&#8221;4.21.0&#8243; _unique_id=&#8221;e63989f7-10fb-4931-8bfc-123988a78c27&#8243; title_font=&#8221;|800|||||||&#8221; title_text_color=&#8221;#5a0c1c&#8221; title_font_size=&#8221;50px&#8221; custom_button=&#8221;on&#8221; button_text_size=&#8221;16px&#8221; button_text_color=&#8221;#e09900&#8243; global_colors_info=&#8221;{}&#8221;][et_pb_contact_field field_id=&#8221;Name&#8221; field_title=&#8221;Nombre&#8221; _builder_version=&#8221;4.21.0&#8243; global_colors_info=&#8221;{}&#8221; button_text_size__hover_enabled=&#8221;off&#8221; button_one_text_size__hover_enabled=&#8221;off&#8221; button_two_text_size__hover_enabled=&#8221;off&#8221; button_text_color__hover_enabled=&#8221;off&#8221; button_one_text_color__hover_enabled=&#8221;off&#8221; button_two_text_color__hover_enabled=&#8221;off&#8221; button_border_width__hover_enabled=&#8221;off&#8221; button_one_border_width__hover_enabled=&#8221;off&#8221; button_two_border_width__hover_enabled=&#8221;off&#8221; button_border_color__hover_enabled=&#8221;off&#8221; button_one_border_color__hover_enabled=&#8221;off&#8221; button_two_border_color__hover_enabled=&#8221;off&#8221; button_border_radius__hover_enabled=&#8221;off&#8221; button_one_border_radius__hover_enabled=&#8221;off&#8221; button_two_border_radius__hover_enabled=&#8221;off&#8221; button_letter_spacing__hover_enabled=&#8221;off&#8221; button_one_letter_spacing__hover_enabled=&#8221;off&#8221; button_two_letter_spacing__hover_enabled=&#8221;off&#8221; button_bg_color__hover_enabled=&#8221;off&#8221; button_one_bg_color__hover_enabled=&#8221;off&#8221; button_two_bg_color__hover_enabled=&#8221;off&#8221;][\/et_pb_contact_field][et_pb_contact_field field_id=&#8221;Email&#8221; field_title=&#8221;Email &#8221; field_type=&#8221;email&#8221; _builder_version=&#8221;4.21.0&#8243; global_colors_info=&#8221;{}&#8221; button_text_size__hover_enabled=&#8221;off&#8221; button_one_text_size__hover_enabled=&#8221;off&#8221; button_two_text_size__hover_enabled=&#8221;off&#8221; button_text_color__hover_enabled=&#8221;off&#8221; button_one_text_color__hover_enabled=&#8221;off&#8221; button_two_text_color__hover_enabled=&#8221;off&#8221; button_border_width__hover_enabled=&#8221;off&#8221; button_one_border_width__hover_enabled=&#8221;off&#8221; button_two_border_width__hover_enabled=&#8221;off&#8221; button_border_color__hover_enabled=&#8221;off&#8221; button_one_border_color__hover_enabled=&#8221;off&#8221; button_two_border_color__hover_enabled=&#8221;off&#8221; button_border_radius__hover_enabled=&#8221;off&#8221; button_one_border_radius__hover_enabled=&#8221;off&#8221; button_two_border_radius__hover_enabled=&#8221;off&#8221; button_letter_spacing__hover_enabled=&#8221;off&#8221; button_one_letter_spacing__hover_enabled=&#8221;off&#8221; button_two_letter_spacing__hover_enabled=&#8221;off&#8221; button_bg_color__hover_enabled=&#8221;off&#8221; button_one_bg_color__hover_enabled=&#8221;off&#8221; button_two_bg_color__hover_enabled=&#8221;off&#8221;][\/et_pb_contact_field][et_pb_contact_field field_id=&#8221;Message&#8221; field_title=&#8221;Mensaje&#8221; field_type=&#8221;text&#8221; fullwidth_field=&#8221;on&#8221; _builder_version=&#8221;4.21.0&#8243; global_colors_info=&#8221;{}&#8221; button_text_size__hover_enabled=&#8221;off&#8221; button_one_text_size__hover_enabled=&#8221;off&#8221; button_two_text_size__hover_enabled=&#8221;off&#8221; button_text_color__hover_enabled=&#8221;off&#8221; button_one_text_color__hover_enabled=&#8221;off&#8221; button_two_text_color__hover_enabled=&#8221;off&#8221; button_border_width__hover_enabled=&#8221;off&#8221; button_one_border_width__hover_enabled=&#8221;off&#8221; button_two_border_width__hover_enabled=&#8221;off&#8221; button_border_color__hover_enabled=&#8221;off&#8221; button_one_border_color__hover_enabled=&#8221;off&#8221; button_two_border_color__hover_enabled=&#8221;off&#8221; button_border_radius__hover_enabled=&#8221;off&#8221; button_one_border_radius__hover_enabled=&#8221;off&#8221; button_two_border_radius__hover_enabled=&#8221;off&#8221; button_letter_spacing__hover_enabled=&#8221;off&#8221; button_one_letter_spacing__hover_enabled=&#8221;off&#8221; button_two_letter_spacing__hover_enabled=&#8221;off&#8221; button_bg_color__hover_enabled=&#8221;off&#8221; button_one_bg_color__hover_enabled=&#8221;off&#8221; button_two_bg_color__hover_enabled=&#8221;off&#8221;][\/et_pb_contact_field][\/et_pb_contact_form][\/et_pb_column][\/et_pb_row][\/et_pb_section]<\/p>\n","protected":false},"excerpt":{"rendered":"<p>Acerca del proyecto SOCIO-BEEConoce las motivaciones, retos y resultados de un consorcio europeo y multidisciplinar que trabaja para crear comunidades de ciudadanos informados que utilicen la ciencia ciudadana para monitorizar la calidad del aire de su entorno.\u00bfPor qu\u00e9 las abejas?Al igual que en la naturaleza, las abejas reinas, las obreras y los z\u00e1nganos desempe\u00f1an un [&hellip;]<\/p>\n","protected":false},"author":2,"featured_media":0,"parent":0,"menu_order":0,"comment_status":"closed","ping_status":"closed","template":"","meta":{"_et_pb_use_builder":"on","_et_pb_old_content":"","_et_gb_content_width":"","om_disable_all_campaigns":false,"_monsterinsights_skip_tracking":false,"_monsterinsights_sitenote_active":false,"_monsterinsights_sitenote_note":"","_monsterinsights_sitenote_category":0,"footnotes":""},"class_list":["post-998","page","type-page","status-publish","hentry"],"jetpack_sharing_enabled":true,"_links":{"self":[{"href":"https:\/\/socio-bee.eu\/index.php?rest_route=\/wp\/v2\/pages\/998","targetHints":{"allow":["GET"]}}],"collection":[{"href":"https:\/\/socio-bee.eu\/index.php?rest_route=\/wp\/v2\/pages"}],"about":[{"href":"https:\/\/socio-bee.eu\/index.php?rest_route=\/wp\/v2\/types\/page"}],"author":[{"embeddable":true,"href":"https:\/\/socio-bee.eu\/index.php?rest_route=\/wp\/v2\/users\/2"}],"replies":[{"embeddable":true,"href":"https:\/\/socio-bee.eu\/index.php?rest_route=%2Fwp%2Fv2%2Fcomments&post=998"}],"version-history":[{"count":5,"href":"https:\/\/socio-bee.eu\/index.php?rest_route=\/wp\/v2\/pages\/998\/revisions"}],"predecessor-version":[{"id":2189,"href":"https:\/\/socio-bee.eu\/index.php?rest_route=\/wp\/v2\/pages\/998\/revisions\/2189"}],"wp:attachment":[{"href":"https:\/\/socio-bee.eu\/index.php?rest_route=%2Fwp%2Fv2%2Fmedia&parent=998"}],"curies":[{"name":"wp","href":"https:\/\/api.w.org\/{rel}","templated":true}]}}