{"id":607,"date":"2023-02-23T11:42:18","date_gmt":"2023-02-23T11:42:18","guid":{"rendered":"https:\/\/socio-bee.eu\/?page_id=607"},"modified":"2024-05-30T15:09:19","modified_gmt":"2024-05-30T14:09:19","slug":"pagina-iniziale","status":"publish","type":"page","link":"https:\/\/socio-bee.eu\/?page_id=607&lang=it","title":{"rendered":"pagina iniziale"},"content":{"rendered":"<p>[et_pb_section fb_built=&#8221;1&#8243; next_background_color=&#8221;#ffffff&#8221; admin_label=&#8221;section&#8221; _builder_version=&#8221;4.16&#8243; background_image=&#8221;https:\/\/socio-bee.eu\/wp-content\/uploads\/2022\/04\/sociobee_header_1.jpg&#8221; background_size=&#8221;contain&#8221; background_position=&#8221;top_center&#8221; min_height=&#8221;286px&#8221; custom_padding=&#8221;||196px|||&#8221; bottom_divider_style=&#8221;waves2&#8243; background_last_edited=&#8221;on|phone&#8221; background_image_phone=&#8221;https:\/\/socio-bee.eu\/wp-content\/uploads\/2022\/04\/SOCIO-BEE-Logo-for-communication-transparent.png&#8221; background_enable_image_phone=&#8221;on&#8221; global_colors_info=&#8221;{}&#8221;][\/et_pb_section][et_pb_section fb_built=&#8221;1&#8243; _builder_version=&#8221;4.16&#8243; custom_padding=&#8221;4px||2px|||&#8221; global_colors_info=&#8221;{}&#8221;][et_pb_row _builder_version=&#8221;4.16&#8243; global_colors_info=&#8221;{}&#8221;][et_pb_column type=&#8221;4_4&#8243; _builder_version=&#8221;4.16&#8243; global_colors_info=&#8221;{}&#8221;][et_pb_text _builder_version=&#8221;4.16&#8243; header_font=&#8221;Roboto|800|||||||&#8221; header_text_align=&#8221;center&#8221; header_text_color=&#8221;#5a0c1c&#8221; header_font_size=&#8221;88px&#8221; header_3_font=&#8221;Roboto||||||||&#8221; header_3_text_align=&#8221;center&#8221; header_3_text_color=&#8221;#5a0c1c&#8221; header_3_font_size=&#8221;30px&#8221; background_color=&#8221;rgba(255,255,255,0.78)&#8221; custom_padding=&#8221;20px|20px|20px|20px|false|false&#8221; border_radii=&#8221;on|10px|10px|10px|10px&#8221; global_colors_info=&#8221;{}&#8221;]<\/p>\n<h3>Wearables and droneS fOr CIty Socio-Environmental Observations and BEhavioral ChangE<\/h3>\n<p>[\/et_pb_text][et_pb_button button_url=&#8221;https:\/\/socio-bee.eu\/#about&#8221; button_text=&#8221;sul progetto&#8221; button_alignment=&#8221;center&#8221; _builder_version=&#8221;4.21.0&#8243; custom_button=&#8221;on&#8221; button_text_color=&#8221;#000000&#8243; button_bg_color=&#8221;#E09900&#8243; button_font=&#8221;Roboto||||||||&#8221; global_colors_info=&#8221;{}&#8221;][\/et_pb_button][\/et_pb_column][\/et_pb_row][\/et_pb_section][et_pb_section fb_built=&#8221;1&#8243; module_id=&#8221;about&#8221; _builder_version=&#8221;4.16&#8243; background_enable_image=&#8221;off&#8221; background_size=&#8221;initial&#8221; background_position=&#8221;center_right&#8221; custom_padding=&#8221;||1px|||&#8221; global_colors_info=&#8221;{}&#8221;][et_pb_row column_structure=&#8221;1_2,1_2&#8243; _builder_version=&#8221;4.16&#8243; custom_padding=&#8221;||40px|||&#8221; global_colors_info=&#8221;{}&#8221;][et_pb_column type=&#8221;1_2&#8243; _builder_version=&#8221;4.16&#8243; global_colors_info=&#8221;{}&#8221;][et_pb_text _builder_version=&#8221;4.16&#8243; header_font=&#8221;Roboto|700|||||||&#8221; header_text_color=&#8221;#5a0c1c&#8221; header_font_size=&#8221;50px&#8221; animation_style=&#8221;slide&#8221; animation_direction=&#8221;left&#8221; global_colors_info=&#8221;{}&#8221;]<\/p>\n<h1>Cos&#8217;\u00e8 SOCIO-BEE?<\/h1>\n<p>[\/et_pb_text][et_pb_divider color=&#8221;#5a0c1c&#8221; _builder_version=&#8221;4.16&#8243; width=&#8221;30%&#8221; global_colors_info=&#8221;{}&#8221;][\/et_pb_divider][et_pb_image src=&#8221;https:\/\/socio-bee.eu\/wp-content\/uploads\/2022\/02\/Humaaans-3-Characters.png&#8221; _builder_version=&#8221;4.16&#8243; box_shadow_style=&#8221;preset4&#8243; box_shadow_color=&#8221;#e09900&#8243; global_colors_info=&#8221;{}&#8221;][\/et_pb_image][\/et_pb_column][et_pb_column type=&#8221;1_2&#8243; _builder_version=&#8221;4.16&#8243; global_colors_info=&#8221;{}&#8221;][et_pb_image src=&#8221;https:\/\/socio-bee.eu\/wp-content\/uploads\/2022\/04\/SOCIO-BEE-Logo-for-communication-transparent.png&#8221; align=&#8221;right&#8221; _builder_version=&#8221;4.16&#8243; width=&#8221;20%&#8221; global_colors_info=&#8221;{}&#8221;][\/et_pb_image][et_pb_text _builder_version=&#8221;4.16&#8243; text_font=&#8221;Roboto||||||||&#8221; text_text_color=&#8221;#474747&#8243; text_font_size=&#8221;18px&#8221; header_font=&#8221;Roboto||||||||&#8221; global_colors_info=&#8221;{}&#8221;]<\/p>\n<p>Benvenuto in SOCIO-BEE!<\/p>\n<p>Vogliamo consentire alle comunit\u00e0 di adottare comportamenti pi\u00f9 sostenibili.<\/p>\n<p>Lo facciamo con la citizen science, i sensori portatili per la qualit\u00e0 dell&#8217;aria e l&#8217;innovazione sociale.<\/p>\n<p>Il nostro progetto aumenta anche la consapevolezza del cambiamento climatico e incoraggia i cittadini a monitorare e osservare l&#8217;ambiente.<\/p>\n<p>Unisciti a noi in questo viaggio per creare un futuro pi\u00f9 sano e pi\u00f9 sostenibile!!<\/p>\n<p>[\/et_pb_text][\/et_pb_column][\/et_pb_row][\/et_pb_section][et_pb_section fb_built=&#8221;1&#8243; prev_background_color=&#8221;#ffffff&#8221; next_background_color=&#8221;rgba(224,153,0,0.1)&#8221; _builder_version=&#8221;4.16&#8243; background_color=&#8221;#f5e3c9&#8243; use_background_color_gradient=&#8221;on&#8221; background_color_gradient_type=&#8221;circular&#8221; background_color_gradient_stops=&#8221;#29c4a9 0%|#e09900 100%&#8221; background_color_gradient_overlays_image=&#8221;on&#8221; background_color_gradient_start=&#8221;#29c4a9&#8243; background_color_gradient_end=&#8221;#e09900&#8243; background_image=&#8221;https:\/\/socio-bee.eu\/wp-content\/uploads\/2022\/02\/town-2430571_1920.jpg&#8221; background_blend=&#8221;multiply&#8221; custom_padding=&#8221;110px|||||&#8221; top_divider_style=&#8221;waves2&#8243; bottom_divider_style=&#8221;wave&#8221; global_colors_info=&#8221;{}&#8221;][et_pb_row _builder_version=&#8221;4.16&#8243; custom_padding=&#8221;||77px|||&#8221; global_colors_info=&#8221;{}&#8221;][et_pb_column type=&#8221;4_4&#8243; _builder_version=&#8221;4.16&#8243; global_colors_info=&#8221;{}&#8221;][et_pb_text _builder_version=&#8221;4.16&#8243; header_font=&#8221;Roboto|700|||||||&#8221; header_text_color=&#8221;#ffffff&#8221; header_font_size=&#8221;50px&#8221; animation_style=&#8221;slide&#8221; animation_direction=&#8221;left&#8221; global_colors_info=&#8221;{}&#8221;]<\/p>\n<h1>SOCIO-BEE a colpo d&#8217;occhio<\/h1>\n<h3>Check out our presentation video<\/h3>\n<p>[\/et_pb_text][et_pb_video src=&#8221;https:\/\/youtu.be\/512asYiMHhI&#8221; _builder_version=&#8221;4.16&#8243; global_colors_info=&#8221;{}&#8221;][\/et_pb_video][\/et_pb_column][\/et_pb_row][\/et_pb_section][et_pb_section fb_built=&#8221;1&#8243; _builder_version=&#8221;4.16&#8243; background_color=&#8221;rgba(224,153,0,0.1)&#8221; global_colors_info=&#8221;{}&#8221;][et_pb_row _builder_version=&#8221;4.16&#8243; global_colors_info=&#8221;{}&#8221;][et_pb_column type=&#8221;4_4&#8243; _builder_version=&#8221;4.16&#8243; global_colors_info=&#8221;{}&#8221;][et_pb_text _builder_version=&#8221;4.16&#8243; header_font=&#8221;Roboto|700|||||||&#8221; header_text_color=&#8221;#5a0c1c&#8221; header_font_size=&#8221;50px&#8221; animation_style=&#8221;slide&#8221; animation_direction=&#8221;left&#8221; global_colors_info=&#8221;{}&#8221;]<\/p>\n<h3>Il nostro Blog\u00a0<\/h3>\n<h1>News su SOCIO-BEE<\/h1>\n<p>[\/et_pb_text][et_pb_divider color=&#8221;#5a0c1c&#8221; _builder_version=&#8221;4.16&#8243; width=&#8221;30%&#8221; global_colors_info=&#8221;{}&#8221;][\/et_pb_divider][et_pb_blog fullwidth=&#8221;off&#8221; include_categories=&#8221;13&#8243; use_manual_excerpt=&#8221;off&#8221; show_author=&#8221;off&#8221; _builder_version=&#8221;4.16&#8243; header_font_size=&#8221;20px&#8221; body_font_size=&#8221;16px&#8221; box_shadow_style=&#8221;preset4&#8243; box_shadow_color=&#8221;#e09900&#8243; global_colors_info=&#8221;{}&#8221;][\/et_pb_blog][\/et_pb_column][\/et_pb_row][\/et_pb_section][et_pb_section fb_built=&#8221;1&#8243; _builder_version=&#8221;4.16&#8243; background_enable_color=&#8221;off&#8221; custom_padding=&#8221;3px||71px|||&#8221; bottom_divider_color=&#8221;#E09900&#8243; global_colors_info=&#8221;{}&#8221;][et_pb_row _builder_version=&#8221;4.16&#8243; global_colors_info=&#8221;{}&#8221;][et_pb_column type=&#8221;4_4&#8243; _builder_version=&#8221;4.16&#8243; global_colors_info=&#8221;{}&#8221;][et_pb_text _builder_version=&#8221;4.16&#8243; text_font=&#8221;Roboto|700|||||||&#8221; text_text_color=&#8221;#474747&#8243; text_font_size=&#8221;30px&#8221; header_font=&#8221;Roboto||||||||&#8221; header_font_size=&#8221;23px&#8221; header_3_font=&#8221;Roboto||||||||&#8221; header_3_text_align=&#8221;center&#8221; header_3_font_size=&#8221;31px&#8221; header_3_line_height=&#8221;1.1em&#8221; global_colors_info=&#8221;{}&#8221;]<\/p>\n<h3>Sei interessato alla citizen science ma non sei sicuro delle implicazioni legali ed etiche? Non guardare oltre &#8220;Il potere della conoscenza per la citizen science su diritto ed etica&#8221;! La nostra iniziativa riguarda la comunicazione sul lavoro del progetto, sulle risorse esistenti e sulle lezioni apprese da chiunque sia interessato alla citizen science.<\/h3>\n<h3>Il nostro obiettivo \u00e8 incoraggiare l&#8217;adozione della citizen science creando un hub di conoscenza accessibile al pubblico ospitato sul sito web del progetto. Fornendo informazioni accessibili e di facile comprensione sugli aspetti legali ed etici della citizen science, speriamo di consentire a pi\u00f9 persone di essere coinvolte in questo entusiasmante campo.<\/h3>\n<h3>Vieni ed esplora il nostro Knowledge Powerhouse e impara tutto ci\u00f2 che devi sapere sul lato legale ed etico della citizen science.<\/h3>\n<p>[\/et_pb_text][et_pb_button button_url=&#8221;@ET-DC@eyJkeW5hbWljIjp0cnVlLCJjb250ZW50IjoicG9zdF9saW5rX3VybF9wYWdlIiwic2V0dGluZ3MiOnsicG9zdF9pZCI6IjQ4NiJ9fQ==@&#8221; button_text=&#8221;Let&#8217;s go&#8221; button_alignment=&#8221;center&#8221; _builder_version=&#8221;4.16&#8243; _dynamic_attributes=&#8221;button_url&#8221; custom_button=&#8221;on&#8221; button_text_color=&#8221;#000000&#8243; button_bg_color=&#8221;#E09900&#8243; button_font=&#8221;Roboto||||||||&#8221; global_colors_info=&#8221;{}&#8221;][\/et_pb_button][\/et_pb_column][\/et_pb_row][\/et_pb_section][et_pb_section fb_built=&#8221;1&#8243; _builder_version=&#8221;4.16&#8243; background_color=&#8221;rgba(224,153,0,0.5)&#8221; custom_padding=&#8221;3px||71px|||&#8221; bottom_divider_style=&#8221;asymmetric&#8221; bottom_divider_color=&#8221;#E09900&#8243; global_colors_info=&#8221;{}&#8221;][et_pb_row column_structure=&#8221;1_2,1_2&#8243; _builder_version=&#8221;4.16&#8243; animation_style=&#8221;slide&#8221; animation_direction=&#8221;left&#8221; global_colors_info=&#8221;{}&#8221;][et_pb_column type=&#8221;1_2&#8243; _builder_version=&#8221;4.16&#8243; global_colors_info=&#8221;{}&#8221;][et_pb_text _builder_version=&#8221;4.16&#8243; header_font=&#8221;Roboto|700|||||||&#8221; header_text_color=&#8221;#5a0c1c&#8221; header_font_size=&#8221;50px&#8221; animation_style=&#8221;slide&#8221; animation_direction=&#8221;left&#8221; global_colors_info=&#8221;{}&#8221;]<\/p>\n<h1>Perch\u00e9 le api?<\/h1>\n<p>[\/et_pb_text][et_pb_divider color=&#8221;#5a0c1c&#8221; _builder_version=&#8221;4.16&#8243; width=&#8221;30%&#8221; global_colors_info=&#8221;{}&#8221;][\/et_pb_divider][et_pb_text _builder_version=&#8221;4.16&#8243; text_font=&#8221;Roboto|700|||||||&#8221; text_text_color=&#8221;#474747&#8243; text_font_size=&#8221;30px&#8221; header_font=&#8221;Roboto||||||||&#8221; header_font_size=&#8221;23px&#8221; header_3_font=&#8221;Roboto||||||||&#8221; header_3_text_align=&#8221;center&#8221; header_3_font_size=&#8221;31px&#8221; header_3_line_height=&#8221;1.1em&#8221; global_colors_info=&#8221;{}&#8221;]<\/p>\n<h3 style=\"text-align: left;\">Proprio come in natura, le api regine, le api operaie e le api drone svolgono tutte un ruolo importante nei loro alveari.<\/h3>\n<h3 style=\"text-align: left;\">In SOCIO-BEE prendiamo la metafora dell&#8217;ape per la nostra strategia di citizen science, in cui tutti possono partecipare con diversi livelli di impegno che sono tutti preziosi e importanti. I dati raccolti dagli alveari sono il miele e come puoi immaginare questo \u00e8 interessante per i nostri orsi del miele, che sono parti interessate in diversi ambiti della societ\u00e0.<\/h3>\n<h3 style=\"text-align: left;\">Stiamo testando i nostri alveari in tre diversi siti pilota con popolazioni diverse, tra cui giovani adulti, anziani e pendolari di tutti i giorni. Unisciti a noi!<\/h3>\n<p>[\/et_pb_text][\/et_pb_column][et_pb_column type=&#8221;1_2&#8243; _builder_version=&#8221;4.16&#8243; global_colors_info=&#8221;{}&#8221;][et_pb_image src=&#8221;https:\/\/socio-bee.eu\/wp-content\/uploads\/2022\/02\/bees-4126065_1280.jpg&#8221; align=&#8221;center&#8221; _builder_version=&#8221;4.16&#8243; background_color=&#8221;#E09900&#8243; width=&#8221;70%&#8221; box_shadow_style=&#8221;preset4&#8243; box_shadow_horizontal=&#8221;25px&#8221; box_shadow_vertical=&#8221;25px&#8221; box_shadow_spread=&#8221;10px&#8221; box_shadow_color=&#8221;#E09900&#8243; global_colors_info=&#8221;{}&#8221;][\/et_pb_image][\/et_pb_column][\/et_pb_row][\/et_pb_section][et_pb_section fb_built=&#8221;1&#8243; next_background_color=&#8221;#ffffff&#8221; _builder_version=&#8221;4.16&#8243; background_color=&#8221;rgba(224,153,0,0.08)&#8221; custom_padding=&#8221;34px||96px|||&#8221; bottom_divider_style=&#8221;wave&#8221; global_colors_info=&#8221;{}&#8221;][et_pb_row _builder_version=&#8221;4.16&#8243; custom_padding=&#8221;||2px|||&#8221; global_colors_info=&#8221;{}&#8221;][et_pb_column type=&#8221;4_4&#8243; _builder_version=&#8221;4.16&#8243; global_colors_info=&#8221;{}&#8221;][et_pb_text _builder_version=&#8221;4.16&#8243; header_font=&#8221;Roboto|700|||||||&#8221; header_text_color=&#8221;#5a0c1c&#8221; header_font_size=&#8221;50px&#8221; animation_style=&#8221;slide&#8221; animation_direction=&#8221;left&#8221; global_colors_info=&#8221;{}&#8221;]<\/p>\n<h1>3 casi pilota<\/h1>\n<p>[\/et_pb_text][et_pb_divider color=&#8221;#5a0c1c&#8221; _builder_version=&#8221;4.16&#8243; width=&#8221;30%&#8221; global_colors_info=&#8221;{}&#8221;][\/et_pb_divider][\/et_pb_column][\/et_pb_row][et_pb_row column_structure=&#8221;1_3,1_3,1_3&#8243; _builder_version=&#8221;4.16&#8243; custom_padding=&#8221;0px|||||&#8221; global_colors_info=&#8221;{}&#8221;][et_pb_column type=&#8221;1_3&#8243; _builder_version=&#8221;4.16&#8243; global_colors_info=&#8221;{}&#8221;][et_pb_text _builder_version=&#8221;4.16&#8243; header_font=&#8221;Roboto|700|||||||&#8221; header_text_color=&#8221;#5a0c1c&#8221; header_font_size=&#8221;50px&#8221; animation_style=&#8221;slide&#8221; animation_direction=&#8221;left&#8221; global_colors_info=&#8221;{}&#8221;]<\/p>\n<h1 style=\"text-align: left;\">Saragozza\u00a0<\/h1>\n<h3 style=\"text-align: left;\">(Spagna)<\/h3>\n<p style=\"text-align: left;\">\n<p>[\/et_pb_text][et_pb_image src=&#8221;https:\/\/socio-bee.eu\/wp-content\/uploads\/2022\/02\/etopia.jpg&#8221; _builder_version=&#8221;4.16&#8243; box_shadow_style=&#8221;preset4&#8243; box_shadow_color=&#8221;#e09900&#8243; global_colors_info=&#8221;{}&#8221;][\/et_pb_image][et_pb_text _builder_version=&#8221;4.16&#8243; text_font=&#8221;Roboto||||||||&#8221; text_text_color=&#8221;#474747&#8243; text_font_size=&#8221;18px&#8221; header_font=&#8221;Roboto||||||||&#8221; global_colors_info=&#8221;{}&#8221;]<\/p>\n<p>La sfida per la citt\u00e0 di Saragozza ora \u00e8 attirare il pubblico pi\u00f9 giovane (dagli 8 ai 16 anni) verso questo tipo di iniziativa in modo che possa assumersi la responsabilit\u00e0 di prendersi cura della propria qualit\u00e0 dell&#8217;aria.<\/p>\n<p><strong>Popolazione mirata: i giovani<\/strong><\/p>\n<p>[\/et_pb_text][\/et_pb_column][et_pb_column type=&#8221;1_3&#8243; _builder_version=&#8221;4.16&#8243; global_colors_info=&#8221;{}&#8221;][et_pb_text _builder_version=&#8221;4.16&#8243; header_font=&#8221;Roboto|700|||||||&#8221; header_text_color=&#8221;#5a0c1c&#8221; header_font_size=&#8221;50px&#8221; animation_style=&#8221;slide&#8221; animation_direction=&#8221;left&#8221; global_colors_info=&#8221;{}&#8221;]<\/p>\n<h1 style=\"text-align: left;\">Ancona<\/h1>\n<h3 style=\"text-align: left;\">(Italia)<\/h3>\n<p style=\"text-align: left;\">\n<p>[\/et_pb_text][et_pb_image src=&#8221;https:\/\/socio-bee.eu\/wp-content\/uploads\/2022\/02\/the-basilica-of-loreto-2884628_640.jpg&#8221; _builder_version=&#8221;4.16&#8243; box_shadow_style=&#8221;preset4&#8243; box_shadow_color=&#8221;#e09900&#8243; global_colors_info=&#8221;{}&#8221;][\/et_pb_image][et_pb_text _builder_version=&#8221;4.16&#8243; text_font=&#8221;Roboto||||||||&#8221; text_text_color=&#8221;#474747&#8243; text_font_size=&#8221;18px&#8221; header_font=&#8221;Roboto||||||||&#8221; global_colors_info=&#8221;{}&#8221;]<\/p>\n<p><span style=\"font-weight: 400;\"><\/span><\/p>\n<p>Spingere gli anziani ad essere attivi all&#8217;aperto in un ambiente non inquinato e non affollato, promuovendo uno stile di vita sano.<\/p>\n<p><strong>Popolazione mirata: Popolazione anziana<\/strong><\/p>\n<p>[\/et_pb_text][\/et_pb_column][et_pb_column type=&#8221;1_3&#8243; _builder_version=&#8221;4.16&#8243; global_colors_info=&#8221;{}&#8221;][et_pb_text _builder_version=&#8221;4.16&#8243; header_font=&#8221;Roboto|700|||||||&#8221; header_text_color=&#8221;#5a0c1c&#8221; header_font_size=&#8221;50px&#8221; animation_style=&#8221;slide&#8221; animation_direction=&#8221;left&#8221; global_colors_info=&#8221;{}&#8221;]<\/p>\n<h1 style=\"text-align: left;\">Amarousi<\/h1>\n<h3 style=\"text-align: left;\">(Grecia)<\/h3>\n<p style=\"text-align: left;\">\n<p>[\/et_pb_text][et_pb_image src=&#8221;https:\/\/socio-bee.eu\/wp-content\/uploads\/2022\/02\/marousi.png&#8221; _builder_version=&#8221;4.16&#8243; box_shadow_style=&#8221;preset4&#8243; box_shadow_color=&#8221;#e09900&#8243; global_colors_info=&#8221;{}&#8221;][\/et_pb_image][et_pb_text _builder_version=&#8221;4.16&#8243; text_font=&#8221;Roboto||||||||&#8221; text_text_color=&#8221;#474747&#8243; text_font_size=&#8221;18px&#8221; header_font=&#8221;Roboto||||||||&#8221; global_colors_info=&#8221;{}&#8221;]<\/p>\n<p style=\"text-align: left;\"><span>L&#8217;obiettivo del Comune di Amaroussion \u00e8 quello di informare i cittadini e coloro che lavorano nell&#8217;area sull&#8217;importanza della qualit\u00e0 dell&#8217;aria e sulla nostra responsabilit\u00e0 collettiva di mantenere un ambiente sano attraverso la partecipazione a campagne di misurazione dell&#8217;inquinamento atmosferico.<\/span><\/p>\n<p><strong>Popolazione target: <span>Pubblico in generale e pendolari<\/span><\/strong><\/p>\n<p>[\/et_pb_text][\/et_pb_column][\/et_pb_row][\/et_pb_section][et_pb_section fb_built=&#8221;1&#8243; _builder_version=&#8221;4.16&#8243; global_colors_info=&#8221;{}&#8221;][et_pb_row _builder_version=&#8221;4.16&#8243; global_colors_info=&#8221;{}&#8221;][et_pb_column type=&#8221;4_4&#8243; _builder_version=&#8221;4.16&#8243; global_colors_info=&#8221;{}&#8221;][et_pb_text _builder_version=&#8221;4.16&#8243; header_font=&#8221;Roboto|700|||||||&#8221; header_text_color=&#8221;#5a0c1c&#8221; header_font_size=&#8221;50px&#8221; animation_style=&#8221;slide&#8221; animation_direction=&#8221;left&#8221; global_colors_info=&#8221;{}&#8221;]<\/p>\n<h1>Il Consorzio SOCIO-BEE<\/h1>\n<p>[\/et_pb_text][et_pb_divider color=&#8221;#5a0c1c&#8221; _builder_version=&#8221;4.16&#8243; width=&#8221;30%&#8221; global_colors_info=&#8221;{}&#8221;][\/et_pb_divider][et_pb_image src=&#8221;https:\/\/socio-bee.eu\/wp-content\/uploads\/2023\/09\/consorcio_sociobee_2023.png&#8221; title_text=&#8221;consorcio_sociobee_2023&#8243; _builder_version=&#8221;4.21.0&#8243; global_colors_info=&#8221;{}&#8221;][\/et_pb_image][\/et_pb_column][\/et_pb_row][\/et_pb_section][et_pb_section fb_built=&#8221;1&#8243; _builder_version=&#8221;4.21.0&#8243; _module_preset=&#8221;default&#8221; background_color=&#8221;#E09900&#8243; global_colors_info=&#8221;{}&#8221;][et_pb_row _builder_version=&#8221;4.21.0&#8243; _module_preset=&#8221;default&#8221; global_colors_info=&#8221;{}&#8221;][et_pb_column type=&#8221;4_4&#8243; _builder_version=&#8221;4.21.0&#8243; _module_preset=&#8221;default&#8221; global_colors_info=&#8221;{}&#8221;][\/et_pb_column][\/et_pb_row][\/et_pb_section][et_pb_section fb_built=&#8221;1&#8243; _builder_version=&#8221;4.16&#8243; global_colors_info=&#8221;{}&#8221;][et_pb_row _builder_version=&#8221;4.16&#8243; global_colors_info=&#8221;{}&#8221;][et_pb_column type=&#8221;4_4&#8243; _builder_version=&#8221;4.16&#8243; global_colors_info=&#8221;{}&#8221;][et_pb_contact_form title=&#8221;Contatto&#8221; success_message=&#8221;Grazie!&#8221; _builder_version=&#8221;4.16&#8243; _unique_id=&#8221;adca6e23-79d7-423a-9481-9d7515d28f2e&#8221; global_colors_info=&#8221;{}&#8221;][et_pb_contact_field field_id=&#8221;Name&#8221; field_title=&#8221;Nome&#8221; _builder_version=&#8221;4.16&#8243; global_colors_info=&#8221;{}&#8221; button_text_size__hover_enabled=&#8221;off&#8221; button_one_text_size__hover_enabled=&#8221;off&#8221; button_two_text_size__hover_enabled=&#8221;off&#8221; button_text_color__hover_enabled=&#8221;off&#8221; button_one_text_color__hover_enabled=&#8221;off&#8221; button_two_text_color__hover_enabled=&#8221;off&#8221; button_border_width__hover_enabled=&#8221;off&#8221; button_one_border_width__hover_enabled=&#8221;off&#8221; button_two_border_width__hover_enabled=&#8221;off&#8221; button_border_color__hover_enabled=&#8221;off&#8221; button_one_border_color__hover_enabled=&#8221;off&#8221; button_two_border_color__hover_enabled=&#8221;off&#8221; button_border_radius__hover_enabled=&#8221;off&#8221; button_one_border_radius__hover_enabled=&#8221;off&#8221; button_two_border_radius__hover_enabled=&#8221;off&#8221; button_letter_spacing__hover_enabled=&#8221;off&#8221; button_one_letter_spacing__hover_enabled=&#8221;off&#8221; button_two_letter_spacing__hover_enabled=&#8221;off&#8221; button_bg_color__hover_enabled=&#8221;off&#8221; button_one_bg_color__hover_enabled=&#8221;off&#8221; button_two_bg_color__hover_enabled=&#8221;off&#8221;][\/et_pb_contact_field][et_pb_contact_field field_id=&#8221;Email&#8221; field_title=&#8221;Indirizzo e-mail&#8221; field_type=&#8221;email&#8221; _builder_version=&#8221;4.16&#8243; global_colors_info=&#8221;{}&#8221; button_text_size__hover_enabled=&#8221;off&#8221; button_one_text_size__hover_enabled=&#8221;off&#8221; button_two_text_size__hover_enabled=&#8221;off&#8221; button_text_color__hover_enabled=&#8221;off&#8221; button_one_text_color__hover_enabled=&#8221;off&#8221; button_two_text_color__hover_enabled=&#8221;off&#8221; button_border_width__hover_enabled=&#8221;off&#8221; button_one_border_width__hover_enabled=&#8221;off&#8221; button_two_border_width__hover_enabled=&#8221;off&#8221; button_border_color__hover_enabled=&#8221;off&#8221; button_one_border_color__hover_enabled=&#8221;off&#8221; button_two_border_color__hover_enabled=&#8221;off&#8221; button_border_radius__hover_enabled=&#8221;off&#8221; button_one_border_radius__hover_enabled=&#8221;off&#8221; button_two_border_radius__hover_enabled=&#8221;off&#8221; button_letter_spacing__hover_enabled=&#8221;off&#8221; button_one_letter_spacing__hover_enabled=&#8221;off&#8221; button_two_letter_spacing__hover_enabled=&#8221;off&#8221; button_bg_color__hover_enabled=&#8221;off&#8221; button_one_bg_color__hover_enabled=&#8221;off&#8221; button_two_bg_color__hover_enabled=&#8221;off&#8221;][\/et_pb_contact_field][et_pb_contact_field field_id=&#8221;Message&#8221; field_title=&#8221;Messaggio&#8221; field_type=&#8221;text&#8221; fullwidth_field=&#8221;on&#8221; _builder_version=&#8221;4.16&#8243; global_colors_info=&#8221;{}&#8221; button_text_size__hover_enabled=&#8221;off&#8221; button_one_text_size__hover_enabled=&#8221;off&#8221; button_two_text_size__hover_enabled=&#8221;off&#8221; button_text_color__hover_enabled=&#8221;off&#8221; button_one_text_color__hover_enabled=&#8221;off&#8221; button_two_text_color__hover_enabled=&#8221;off&#8221; button_border_width__hover_enabled=&#8221;off&#8221; button_one_border_width__hover_enabled=&#8221;off&#8221; button_two_border_width__hover_enabled=&#8221;off&#8221; button_border_color__hover_enabled=&#8221;off&#8221; button_one_border_color__hover_enabled=&#8221;off&#8221; button_two_border_color__hover_enabled=&#8221;off&#8221; button_border_radius__hover_enabled=&#8221;off&#8221; button_one_border_radius__hover_enabled=&#8221;off&#8221; button_two_border_radius__hover_enabled=&#8221;off&#8221; button_letter_spacing__hover_enabled=&#8221;off&#8221; button_one_letter_spacing__hover_enabled=&#8221;off&#8221; button_two_letter_spacing__hover_enabled=&#8221;off&#8221; button_bg_color__hover_enabled=&#8221;off&#8221; button_one_bg_color__hover_enabled=&#8221;off&#8221; button_two_bg_color__hover_enabled=&#8221;off&#8221;][\/et_pb_contact_field][\/et_pb_contact_form][\/et_pb_column][\/et_pb_row][\/et_pb_section]<\/p>\n","protected":false},"excerpt":{"rendered":"<p>Wearables and droneS fOr CIty Socio-Environmental Observations and BEhavioral ChangECos&#8217;\u00e8 SOCIO-BEE?Benvenuto in SOCIO-BEE! Vogliamo consentire alle comunit\u00e0 di adottare comportamenti pi\u00f9 sostenibili. Lo facciamo con la citizen science, i sensori portatili per la qualit\u00e0 dell&#8217;aria e l&#8217;innovazione sociale. Il nostro progetto aumenta anche la consapevolezza del cambiamento climatico e incoraggia i cittadini a monitorare e [&hellip;]<\/p>\n","protected":false},"author":2,"featured_media":0,"parent":0,"menu_order":0,"comment_status":"closed","ping_status":"closed","template":"","meta":{"_et_pb_use_builder":"on","_et_pb_old_content":"","_et_gb_content_width":"","om_disable_all_campaigns":false,"_monsterinsights_skip_tracking":false,"_monsterinsights_sitenote_active":false,"_monsterinsights_sitenote_note":"","_monsterinsights_sitenote_category":0,"footnotes":""},"class_list":["post-607","page","type-page","status-publish","hentry"],"jetpack_sharing_enabled":true,"_links":{"self":[{"href":"https:\/\/socio-bee.eu\/index.php?rest_route=\/wp\/v2\/pages\/607","targetHints":{"allow":["GET"]}}],"collection":[{"href":"https:\/\/socio-bee.eu\/index.php?rest_route=\/wp\/v2\/pages"}],"about":[{"href":"https:\/\/socio-bee.eu\/index.php?rest_route=\/wp\/v2\/types\/page"}],"author":[{"embeddable":true,"href":"https:\/\/socio-bee.eu\/index.php?rest_route=\/wp\/v2\/users\/2"}],"replies":[{"embeddable":true,"href":"https:\/\/socio-bee.eu\/index.php?rest_route=%2Fwp%2Fv2%2Fcomments&post=607"}],"version-history":[{"count":12,"href":"https:\/\/socio-bee.eu\/index.php?rest_route=\/wp\/v2\/pages\/607\/revisions"}],"predecessor-version":[{"id":2689,"href":"https:\/\/socio-bee.eu\/index.php?rest_route=\/wp\/v2\/pages\/607\/revisions\/2689"}],"wp:attachment":[{"href":"https:\/\/socio-bee.eu\/index.php?rest_route=%2Fwp%2Fv2%2Fmedia&parent=607"}],"curies":[{"name":"wp","href":"https:\/\/api.w.org\/{rel}","templated":true}]}}