{"id":584,"date":"2023-01-31T16:44:53","date_gmt":"2023-01-31T16:44:53","guid":{"rendered":"https:\/\/socio-bee.eu\/?page_id=584"},"modified":"2024-05-29T09:52:05","modified_gmt":"2024-05-29T08:52:05","slug":"pagina-de-inicio","status":"publish","type":"page","link":"https:\/\/socio-bee.eu\/?page_id=584&lang=es","title":{"rendered":"P\u00e1gina de Inicio"},"content":{"rendered":"<p>[et_pb_section fb_built=&#8221;1&#8243; next_background_color=&#8221;#ffffff&#8221; admin_label=&#8221;section&#8221; _builder_version=&#8221;4.16&#8243; background_image=&#8221;https:\/\/socio-bee.eu\/wp-content\/uploads\/2022\/04\/sociobee_header_1.jpg&#8221; background_size=&#8221;contain&#8221; background_position=&#8221;top_center&#8221; min_height=&#8221;286px&#8221; custom_padding=&#8221;||196px|||&#8221; bottom_divider_style=&#8221;waves2&#8243; background_last_edited=&#8221;on|phone&#8221; use_background_color_gradient_phone=&#8221;on&#8221; background_color_gradient_stops_phone=&#8221;#590C21 0%|#F2E205 100%&#8221; background_color_gradient_start_phone=&#8221;#590C21&#8243; background_color_gradient_end_phone=&#8221;#F2E205&#8243; background_image_phone=&#8221;https:\/\/socio-bee.eu\/wp-content\/uploads\/2022\/04\/SOCIO-BEE-Logo-for-communication-transparent.png&#8221; background_enable_image_phone=&#8221;on&#8221; global_colors_info=&#8221;{}&#8221; null_phone=&#8221;#29c4a9&#8243;][\/et_pb_section][et_pb_section fb_built=&#8221;1&#8243; _builder_version=&#8221;4.16&#8243; custom_padding=&#8221;4px||2px|||&#8221; global_colors_info=&#8221;{}&#8221;][et_pb_row _builder_version=&#8221;4.16&#8243; global_colors_info=&#8221;{}&#8221;][et_pb_column type=&#8221;4_4&#8243; _builder_version=&#8221;4.16&#8243; global_colors_info=&#8221;{}&#8221;][et_pb_text _builder_version=&#8221;4.16&#8243; header_font=&#8221;Roboto|800|||||||&#8221; header_text_align=&#8221;center&#8221; header_text_color=&#8221;#5a0c1c&#8221; header_font_size=&#8221;88px&#8221; header_3_font=&#8221;Roboto||||||||&#8221; header_3_text_align=&#8221;center&#8221; header_3_text_color=&#8221;#5a0c1c&#8221; header_3_font_size=&#8221;30px&#8221; background_color=&#8221;rgba(255,255,255,0.78)&#8221; custom_padding=&#8221;20px|20px|20px|20px|false|false&#8221; border_radii=&#8221;on|10px|10px|10px|10px&#8221; global_colors_info=&#8221;{}&#8221;]<\/p>\n<h3>Wearables and droneS fOr CIty Socio-Environmental Observations and BEhavioral ChangE<\/h3>\n<p>[\/et_pb_text][\/et_pb_column][\/et_pb_row][\/et_pb_section][et_pb_section fb_built=&#8221;1&#8243; module_id=&#8221;about&#8221; _builder_version=&#8221;4.16&#8243; background_enable_image=&#8221;off&#8221; background_size=&#8221;initial&#8221; background_position=&#8221;center_right&#8221; custom_padding=&#8221;||1px|||&#8221; global_colors_info=&#8221;{}&#8221;][et_pb_row column_structure=&#8221;1_2,1_2&#8243; _builder_version=&#8221;4.16&#8243; custom_padding=&#8221;||40px|||&#8221; global_colors_info=&#8221;{}&#8221;][et_pb_column type=&#8221;1_2&#8243; _builder_version=&#8221;4.16&#8243; global_colors_info=&#8221;{}&#8221;][et_pb_text _builder_version=&#8221;4.16&#8243; header_font=&#8221;Roboto|700|||||||&#8221; header_text_color=&#8221;#5a0c1c&#8221; header_font_size=&#8221;50px&#8221; animation_style=&#8221;slide&#8221; animation_direction=&#8221;left&#8221; global_colors_info=&#8221;{}&#8221;]<\/p>\n<h1>Qu\u00e9 es SOCIO-BEE<\/h1>\n<p>[\/et_pb_text][et_pb_divider color=&#8221;#5a0c1c&#8221; _builder_version=&#8221;4.16&#8243; width=&#8221;30%&#8221; global_colors_info=&#8221;{}&#8221;][\/et_pb_divider][et_pb_image src=&#8221;https:\/\/socio-bee.eu\/wp-content\/uploads\/2022\/02\/Humaaans-3-Characters.png&#8221; _builder_version=&#8221;4.16&#8243; box_shadow_style=&#8221;preset4&#8243; box_shadow_color=&#8221;#e09900&#8243; global_colors_info=&#8221;{}&#8221;][\/et_pb_image][\/et_pb_column][et_pb_column type=&#8221;1_2&#8243; _builder_version=&#8221;4.16&#8243; global_colors_info=&#8221;{}&#8221;][et_pb_image src=&#8221;https:\/\/socio-bee.eu\/wp-content\/uploads\/2022\/04\/SOCIO-BEE-Logo-for-communication-transparent.png&#8221; align=&#8221;right&#8221; _builder_version=&#8221;4.16&#8243; width=&#8221;20%&#8221; global_colors_info=&#8221;{}&#8221;][\/et_pb_image][et_pb_text _builder_version=&#8221;4.16&#8243; text_font=&#8221;Roboto||||||||&#8221; text_text_color=&#8221;#474747&#8243; text_font_size=&#8221;18px&#8221; header_font=&#8221;Roboto||||||||&#8221; header_font_size=&#8221;23px&#8221; header_3_font=&#8221;Roboto||||||||&#8221; header_3_text_align=&#8221;center&#8221; header_3_font_size=&#8221;31px&#8221; header_3_line_height=&#8221;1.1em&#8221; global_colors_info=&#8221;{}&#8221;]<\/p>\n<p>&nbsp;<\/p>\n<p>\u00a1Bienvenido a SOCIO-BEE!<\/p>\n<p>Nuestro proyecto pretende aunar comunidades, ciencia ciudadana e innovaci\u00f3n social para hacer del mundo un lugar mejor.<\/p>\n<p>Utilizando las \u00faltimas tecnolog\u00edas y haciendo las cosas divertidas, creemos que podemos ayudar a la gente a adoptar comportamientos sostenibles y reducir la contaminaci\u00f3n atmosf\u00e9rica.<\/p>\n<p>Nuestro proyecto tambi\u00e9n sensibiliza sobre el cambio clim\u00e1tico y anima a los ciudadanos a vigilar y observar el medio ambiente. \u00a1\u00danete a nosotros en este viaje para crear un futuro m\u00e1s sano y sostenible!<\/p>\n<p>&nbsp;<\/p>\n<p>[\/et_pb_text][\/et_pb_column][\/et_pb_row][\/et_pb_section][et_pb_section fb_built=&#8221;1&#8243; prev_background_color=&#8221;#ffffff&#8221; next_background_color=&#8221;rgba(224,153,0,0.1)&#8221; _builder_version=&#8221;4.16&#8243; background_color=&#8221;#f5e3c9&#8243; use_background_color_gradient=&#8221;on&#8221; background_color_gradient_type=&#8221;circular&#8221; background_color_gradient_stops=&#8221;#29c4a9 0%|#e09900 100%&#8221; background_color_gradient_overlays_image=&#8221;on&#8221; background_color_gradient_start=&#8221;#29c4a9&#8243; background_color_gradient_end=&#8221;#e09900&#8243; background_image=&#8221;https:\/\/socio-bee.eu\/wp-content\/uploads\/2022\/02\/town-2430571_1920.jpg&#8221; background_blend=&#8221;multiply&#8221; custom_padding=&#8221;110px|||||&#8221; top_divider_style=&#8221;waves2&#8243; bottom_divider_style=&#8221;wave&#8221; global_colors_info=&#8221;{}&#8221;][et_pb_row _builder_version=&#8221;4.16&#8243; custom_padding=&#8221;||77px|||&#8221; global_colors_info=&#8221;{}&#8221;][et_pb_column type=&#8221;4_4&#8243; _builder_version=&#8221;4.16&#8243; global_colors_info=&#8221;{}&#8221;][et_pb_text _builder_version=&#8221;4.16&#8243; header_font=&#8221;Roboto|700|||||||&#8221; header_text_color=&#8221;#ffffff&#8221; header_font_size=&#8221;50px&#8221; animation_style=&#8221;slide&#8221; animation_direction=&#8221;left&#8221; global_colors_info=&#8221;{}&#8221;]<\/p>\n<h1>SOCIO-BEE de un vistazo<\/h1>\n<h3><span style=\"color: #ffffff;\">Nuestro v\u00eddeo de presentaci\u00f3n<\/span><\/h3>\n<p>[\/et_pb_text][et_pb_video src=&#8221;https:\/\/youtu.be\/512asYiMHhI&#8221; _builder_version=&#8221;4.16&#8243; global_colors_info=&#8221;{}&#8221;][\/et_pb_video][\/et_pb_column][\/et_pb_row][\/et_pb_section][et_pb_section fb_built=&#8221;1&#8243; disabled_on=&#8221;on|on|on&#8221; _builder_version=&#8221;4.16&#8243; background_color=&#8221;rgba(224,153,0,0.1)&#8221; disabled=&#8221;on&#8221; global_colors_info=&#8221;{}&#8221;][et_pb_row _builder_version=&#8221;4.16&#8243; global_colors_info=&#8221;{}&#8221;][et_pb_column type=&#8221;4_4&#8243; _builder_version=&#8221;4.16&#8243; global_colors_info=&#8221;{}&#8221;][et_pb_text _builder_version=&#8221;4.16&#8243; header_font=&#8221;Roboto|700|||||||&#8221; header_text_color=&#8221;#5a0c1c&#8221; header_font_size=&#8221;50px&#8221; animation_style=&#8221;slide&#8221; animation_direction=&#8221;left&#8221; global_colors_info=&#8221;{}&#8221;]<\/p>\n<h3>Nuestro Blog<\/h3>\n<h1>Actualidad de SOCIO-BEE<\/h1>\n<p>[\/et_pb_text][et_pb_divider color=&#8221;#5a0c1c&#8221; _builder_version=&#8221;4.16&#8243; width=&#8221;30%&#8221; global_colors_info=&#8221;{}&#8221;][\/et_pb_divider][et_pb_blog fullwidth=&#8221;off&#8221; include_categories=&#8221;13&#8243; use_manual_excerpt=&#8221;off&#8221; show_author=&#8221;off&#8221; _builder_version=&#8221;4.16&#8243; header_font_size=&#8221;20px&#8221; body_font_size=&#8221;16px&#8221; box_shadow_style=&#8221;preset4&#8243; box_shadow_color=&#8221;#e09900&#8243; global_colors_info=&#8221;{}&#8221;][\/et_pb_blog][\/et_pb_column][\/et_pb_row][\/et_pb_section][et_pb_section fb_built=&#8221;1&#8243; next_background_color=&#8221;#ffffff&#8221; _builder_version=&#8221;4.16&#8243; background_color=&#8221;rgba(224,153,0,0.08)&#8221; custom_padding=&#8221;34px||96px|||&#8221; bottom_divider_style=&#8221;wave&#8221; global_colors_info=&#8221;{}&#8221;][et_pb_row _builder_version=&#8221;4.16&#8243; custom_padding=&#8221;||2px|||&#8221; global_colors_info=&#8221;{}&#8221;][et_pb_column type=&#8221;4_4&#8243; _builder_version=&#8221;4.16&#8243; global_colors_info=&#8221;{}&#8221;][et_pb_text _builder_version=&#8221;4.16&#8243; header_font=&#8221;Roboto|700|||||||&#8221; header_text_color=&#8221;#5a0c1c&#8221; header_font_size=&#8221;50px&#8221; animation_style=&#8221;slide&#8221; animation_direction=&#8221;left&#8221; global_colors_info=&#8221;{}&#8221;]<\/p>\n<h1>3 Proyectos Piloto<\/h1>\n<p>[\/et_pb_text][et_pb_divider color=&#8221;#5a0c1c&#8221; _builder_version=&#8221;4.16&#8243; width=&#8221;30%&#8221; global_colors_info=&#8221;{}&#8221;][\/et_pb_divider][\/et_pb_column][\/et_pb_row][et_pb_row column_structure=&#8221;1_3,1_3,1_3&#8243; _builder_version=&#8221;4.16&#8243; custom_padding=&#8221;0px|||||&#8221; global_colors_info=&#8221;{}&#8221;][et_pb_column type=&#8221;1_3&#8243; _builder_version=&#8221;4.16&#8243; global_colors_info=&#8221;{}&#8221;][et_pb_text _builder_version=&#8221;4.16&#8243; header_font=&#8221;Roboto|700|||||||&#8221; header_text_color=&#8221;#5a0c1c&#8221; header_font_size=&#8221;50px&#8221; animation_style=&#8221;slide&#8221; animation_direction=&#8221;left&#8221; global_colors_info=&#8221;{}&#8221;]<\/p>\n<h1 style=\"text-align: left;\">Zaragoza<\/h1>\n<h3 style=\"text-align: left;\">(Espa\u00f1a)<\/h3>\n<p style=\"text-align: left;\">[\/et_pb_text][et_pb_image src=&#8221;https:\/\/socio-bee.eu\/wp-content\/uploads\/2022\/02\/etopia.jpg&#8221; _builder_version=&#8221;4.16&#8243; box_shadow_style=&#8221;preset4&#8243; box_shadow_color=&#8221;#e09900&#8243; global_colors_info=&#8221;{}&#8221;][\/et_pb_image][et_pb_text _builder_version=&#8221;4.16&#8243; text_font=&#8221;Roboto||||||||&#8221; text_text_color=&#8221;#474747&#8243; text_font_size=&#8221;18px&#8221; header_font=&#8221;Roboto||||||||&#8221; header_font_size=&#8221;23px&#8221; header_3_font=&#8221;Roboto||||||||&#8221; header_3_text_align=&#8221;center&#8221; header_3_font_size=&#8221;31px&#8221; header_3_line_height=&#8221;1.1em&#8221; global_colors_info=&#8221;{}&#8221;]El reto de la ciudad de Zaragoza ahora es atraer al p\u00fablico m\u00e1s joven (de 8 a 16 a\u00f1os) a este tipo de iniciativas para que se responsabilicen del cuidado de la calidad de su aire.<\/p>\n<p><strong>P\u00fablico objetivo: J\u00f3venes<br \/>\n<\/strong>[\/et_pb_text][\/et_pb_column][et_pb_column type=&#8221;1_3&#8243; _builder_version=&#8221;4.16&#8243; global_colors_info=&#8221;{}&#8221;][et_pb_text _builder_version=&#8221;4.16&#8243; header_font=&#8221;Roboto|700|||||||&#8221; header_text_color=&#8221;#5a0c1c&#8221; header_font_size=&#8221;50px&#8221; animation_style=&#8221;slide&#8221; animation_direction=&#8221;left&#8221; global_colors_info=&#8221;{}&#8221;]<\/p>\n<h1 style=\"text-align: left;\">Ancona<\/h1>\n<h3 style=\"text-align: left;\">(Italia)<\/h3>\n<p style=\"text-align: left;\">[\/et_pb_text][et_pb_image src=&#8221;https:\/\/socio-bee.eu\/wp-content\/uploads\/2022\/02\/the-basilica-of-loreto-2884628_640.jpg&#8221; _builder_version=&#8221;4.16&#8243; box_shadow_style=&#8221;preset4&#8243; box_shadow_color=&#8221;#e09900&#8243; global_colors_info=&#8221;{}&#8221;][\/et_pb_image][et_pb_text _builder_version=&#8221;4.16&#8243; text_font=&#8221;Roboto||||||||&#8221; text_text_color=&#8221;#474747&#8243; text_font_size=&#8221;18px&#8221; header_font=&#8221;Roboto||||||||&#8221; header_font_size=&#8221;23px&#8221; header_3_font=&#8221;Roboto||||||||&#8221; header_3_text_align=&#8221;center&#8221; header_3_font_size=&#8221;31px&#8221; header_3_line_height=&#8221;1.1em&#8221; global_colors_info=&#8221;{}&#8221;]Impulsar a las personas mayores a mantenerse activas al aire libre en un entorno no contaminado y no masificado, fomentando un estilo de vida saludable.<\/p>\n<p><strong>P\u00fablico objetivo: Poblaci\u00f3n mayor<br \/>\n<\/strong>[\/et_pb_text][\/et_pb_column][et_pb_column type=&#8221;1_3&#8243; _builder_version=&#8221;4.16&#8243; global_colors_info=&#8221;{}&#8221;][et_pb_text _builder_version=&#8221;4.16&#8243; header_font=&#8221;Roboto|700|||||||&#8221; header_text_color=&#8221;#5a0c1c&#8221; header_font_size=&#8221;50px&#8221; animation_style=&#8221;slide&#8221; animation_direction=&#8221;left&#8221; global_colors_info=&#8221;{}&#8221;]<\/p>\n<h1 style=\"text-align: left;\">Marousi<\/h1>\n<h3 style=\"text-align: left;\">(Grecia)<\/h3>\n<p style=\"text-align: left;\">\n<p>[\/et_pb_text][et_pb_image src=&#8221;https:\/\/socio-bee.eu\/wp-content\/uploads\/2022\/02\/marousi.png&#8221; _builder_version=&#8221;4.16&#8243; box_shadow_style=&#8221;preset4&#8243; box_shadow_color=&#8221;#e09900&#8243; global_colors_info=&#8221;{}&#8221;][\/et_pb_image][et_pb_text _builder_version=&#8221;4.16&#8243; text_font=&#8221;Roboto||||||||&#8221; text_text_color=&#8221;#474747&#8243; text_font_size=&#8221;18px&#8221; header_font=&#8221;Roboto||||||||&#8221; header_font_size=&#8221;23px&#8221; header_3_font=&#8221;Roboto||||||||&#8221; header_3_text_align=&#8221;center&#8221; header_3_font_size=&#8221;31px&#8221; header_3_line_height=&#8221;1.1em&#8221; global_colors_info=&#8221;{}&#8221;]<\/p>\n<p><span>El prop\u00f3sito del Ayuntamiento de Amaroussion es informar a sus ciudadanos y a los trabajadores de la zona sobre la importancia de la calidad del aire y nuestra responsabilidad conjunta en mantener un medio ambiente saludable, promoviendo la participaci\u00f3n en campa\u00f1as de monitoreo de la contaminaci\u00f3n atmosf\u00e9rica.<\/span><\/p>\n<p><strong>P\u00fablico objetivo: Viajeros<br \/><\/strong><\/p>\n<p>[\/et_pb_text][\/et_pb_column][\/et_pb_row][\/et_pb_section][et_pb_section fb_built=&#8221;1&#8243; _builder_version=&#8221;4.16&#8243; global_colors_info=&#8221;{}&#8221;][et_pb_row _builder_version=&#8221;4.16&#8243; global_colors_info=&#8221;{}&#8221;][et_pb_column type=&#8221;4_4&#8243; _builder_version=&#8221;4.16&#8243; global_colors_info=&#8221;{}&#8221;][et_pb_text _builder_version=&#8221;4.16&#8243; header_font=&#8221;Roboto|700|||||||&#8221; header_text_color=&#8221;#5a0c1c&#8221; header_font_size=&#8221;50px&#8221; animation_style=&#8221;slide&#8221; animation_direction=&#8221;left&#8221; global_colors_info=&#8221;{}&#8221;]<\/p>\n<h1>The SOCIO-BEE Consortium<\/h1>\n<p>[\/et_pb_text][et_pb_divider color=&#8221;#5a0c1c&#8221; _builder_version=&#8221;4.16&#8243; width=&#8221;30%&#8221; global_colors_info=&#8221;{}&#8221;][\/et_pb_divider][et_pb_image src=&#8221;https:\/\/socio-bee.eu\/wp-content\/uploads\/2023\/09\/consorcio_sociobee_2023.png&#8221; title_text=&#8221;consorcio_sociobee_2023&#8243; _builder_version=&#8221;4.21.0&#8243; global_colors_info=&#8221;{}&#8221;][\/et_pb_image][\/et_pb_column][\/et_pb_row][\/et_pb_section][et_pb_section fb_built=&#8221;1&#8243; _builder_version=&#8221;4.16&#8243; background_color=&#8221;rgba(224,153,0,0.5)&#8221; global_colors_info=&#8221;{}&#8221;][et_pb_row _builder_version=&#8221;4.16&#8243; global_colors_info=&#8221;{}&#8221;][et_pb_column type=&#8221;4_4&#8243; _builder_version=&#8221;4.16&#8243; global_colors_info=&#8221;{}&#8221;][et_pb_text _builder_version=&#8221;4.16&#8243; text_font_size=&#8221;18px&#8221; header_font=&#8221;Roboto|700|||||||&#8221; header_text_color=&#8221;#5a0c1c&#8221; header_font_size=&#8221;50px&#8221; animation_style=&#8221;slide&#8221; animation_direction=&#8221;left&#8221; global_colors_info=&#8221;{}&#8221;]<\/p>\n<h1>\u00danete a la comunidad de SOCIO-BEE<\/h1>\n<p>Find out about the progress of the project and get involved in its development through our social media profiles.<\/p>\n<p>[\/et_pb_text][et_pb_social_media_follow icon_color=&#8221;#ffffff&#8221; use_icon_font_size=&#8221;on&#8221; icon_font_size=&#8221;40px&#8221; _builder_version=&#8221;4.16&#8243; text_orientation=&#8221;center&#8221; custom_padding=&#8221;||||false|false&#8221; global_colors_info=&#8221;{}&#8221;][et_pb_social_media_follow_network social_network=&#8221;linkedin&#8221; url=&#8221;https:\/\/www.linkedin.com\/company\/socio-bee\/&#8221; _builder_version=&#8221;4.16&#8243; background_color=&#8221;#007bb6&#8243; global_colors_info=&#8221;{}&#8221; follow_button=&#8221;off&#8221; url_new_window=&#8221;on&#8221;]linkedin[\/et_pb_social_media_follow_network][et_pb_social_media_follow_network social_network=&#8221;twitter&#8221; url=&#8221;https:\/\/twitter.com\/socio_bee?lang=en&#8221; _builder_version=&#8221;4.16&#8243; background_color=&#8221;#00aced&#8221; global_colors_info=&#8221;{}&#8221; follow_button=&#8221;off&#8221; url_new_window=&#8221;on&#8221;]twitter[\/et_pb_social_media_follow_network][et_pb_social_media_follow_network social_network=&#8221;facebook&#8221; url=&#8221;https:\/\/www.facebook.com\/sociobee.h2020\/&#8221; _builder_version=&#8221;4.16&#8243; background_color=&#8221;#3b5998&#8243; global_colors_info=&#8221;{}&#8221; follow_button=&#8221;off&#8221; url_new_window=&#8221;on&#8221;]facebook[\/et_pb_social_media_follow_network][et_pb_social_media_follow_network social_network=&#8221;youtube&#8221; url=&#8221;https:\/\/www.youtube.com\/@socio-bee&#8221; _builder_version=&#8221;4.16&#8243; background_color=&#8221;#a82400&#8243; global_colors_info=&#8221;{}&#8221; follow_button=&#8221;off&#8221; url_new_window=&#8221;on&#8221;]youtube[\/et_pb_social_media_follow_network][\/et_pb_social_media_follow][\/et_pb_column][\/et_pb_row][\/et_pb_section][et_pb_section fb_built=&#8221;1&#8243; _builder_version=&#8221;4.16&#8243; global_colors_info=&#8221;{}&#8221;][et_pb_row _builder_version=&#8221;4.16&#8243; global_colors_info=&#8221;{}&#8221;][et_pb_column type=&#8221;4_4&#8243; _builder_version=&#8221;4.16&#8243; global_colors_info=&#8221;{}&#8221;][et_pb_contact_form title=&#8221;Contacto&#8221; success_message=&#8221;Tu mensaje ha sido enviado, gracias.&#8221; _builder_version=&#8221;4.16&#8243; _unique_id=&#8221;9ad4191e-a3e8-46ce-8197-81bdce457d0c&#8221; global_colors_info=&#8221;{}&#8221;][et_pb_contact_field field_id=&#8221;Name&#8221; field_title=&#8221;Nombre&#8221; _builder_version=&#8221;4.16&#8243; global_colors_info=&#8221;{}&#8221; button_text_size__hover_enabled=&#8221;off&#8221; button_one_text_size__hover_enabled=&#8221;off&#8221; button_two_text_size__hover_enabled=&#8221;off&#8221; button_text_color__hover_enabled=&#8221;off&#8221; button_one_text_color__hover_enabled=&#8221;off&#8221; button_two_text_color__hover_enabled=&#8221;off&#8221; button_border_width__hover_enabled=&#8221;off&#8221; button_one_border_width__hover_enabled=&#8221;off&#8221; button_two_border_width__hover_enabled=&#8221;off&#8221; button_border_color__hover_enabled=&#8221;off&#8221; button_one_border_color__hover_enabled=&#8221;off&#8221; button_two_border_color__hover_enabled=&#8221;off&#8221; button_border_radius__hover_enabled=&#8221;off&#8221; button_one_border_radius__hover_enabled=&#8221;off&#8221; button_two_border_radius__hover_enabled=&#8221;off&#8221; button_letter_spacing__hover_enabled=&#8221;off&#8221; button_one_letter_spacing__hover_enabled=&#8221;off&#8221; button_two_letter_spacing__hover_enabled=&#8221;off&#8221; button_bg_color__hover_enabled=&#8221;off&#8221; button_one_bg_color__hover_enabled=&#8221;off&#8221; button_two_bg_color__hover_enabled=&#8221;off&#8221;][\/et_pb_contact_field][et_pb_contact_field field_id=&#8221;Email&#8221; field_title=&#8221;Direcci\u00f3n de correo electr\u00f3nico&#8221; field_type=&#8221;email&#8221; _builder_version=&#8221;4.16&#8243; global_colors_info=&#8221;{}&#8221; button_text_size__hover_enabled=&#8221;off&#8221; button_one_text_size__hover_enabled=&#8221;off&#8221; button_two_text_size__hover_enabled=&#8221;off&#8221; button_text_color__hover_enabled=&#8221;off&#8221; button_one_text_color__hover_enabled=&#8221;off&#8221; button_two_text_color__hover_enabled=&#8221;off&#8221; button_border_width__hover_enabled=&#8221;off&#8221; button_one_border_width__hover_enabled=&#8221;off&#8221; button_two_border_width__hover_enabled=&#8221;off&#8221; button_border_color__hover_enabled=&#8221;off&#8221; button_one_border_color__hover_enabled=&#8221;off&#8221; button_two_border_color__hover_enabled=&#8221;off&#8221; button_border_radius__hover_enabled=&#8221;off&#8221; button_one_border_radius__hover_enabled=&#8221;off&#8221; button_two_border_radius__hover_enabled=&#8221;off&#8221; button_letter_spacing__hover_enabled=&#8221;off&#8221; button_one_letter_spacing__hover_enabled=&#8221;off&#8221; button_two_letter_spacing__hover_enabled=&#8221;off&#8221; button_bg_color__hover_enabled=&#8221;off&#8221; button_one_bg_color__hover_enabled=&#8221;off&#8221; button_two_bg_color__hover_enabled=&#8221;off&#8221;][\/et_pb_contact_field][et_pb_contact_field field_id=&#8221;Message&#8221; field_title=&#8221;Mensaje&#8221; field_type=&#8221;text&#8221; fullwidth_field=&#8221;on&#8221; _builder_version=&#8221;4.16&#8243; global_colors_info=&#8221;{}&#8221; button_text_size__hover_enabled=&#8221;off&#8221; button_one_text_size__hover_enabled=&#8221;off&#8221; button_two_text_size__hover_enabled=&#8221;off&#8221; button_text_color__hover_enabled=&#8221;off&#8221; button_one_text_color__hover_enabled=&#8221;off&#8221; button_two_text_color__hover_enabled=&#8221;off&#8221; button_border_width__hover_enabled=&#8221;off&#8221; button_one_border_width__hover_enabled=&#8221;off&#8221; button_two_border_width__hover_enabled=&#8221;off&#8221; button_border_color__hover_enabled=&#8221;off&#8221; button_one_border_color__hover_enabled=&#8221;off&#8221; button_two_border_color__hover_enabled=&#8221;off&#8221; button_border_radius__hover_enabled=&#8221;off&#8221; button_one_border_radius__hover_enabled=&#8221;off&#8221; button_two_border_radius__hover_enabled=&#8221;off&#8221; button_letter_spacing__hover_enabled=&#8221;off&#8221; button_one_letter_spacing__hover_enabled=&#8221;off&#8221; button_two_letter_spacing__hover_enabled=&#8221;off&#8221; button_bg_color__hover_enabled=&#8221;off&#8221; button_one_bg_color__hover_enabled=&#8221;off&#8221; button_two_bg_color__hover_enabled=&#8221;off&#8221;][\/et_pb_contact_field][\/et_pb_contact_form][\/et_pb_column][\/et_pb_row][\/et_pb_section]<\/p>\n","protected":false},"excerpt":{"rendered":"<p>Wearables and droneS fOr CIty Socio-Environmental Observations and BEhavioral ChangEQu\u00e9 es SOCIO-BEE&nbsp; \u00a1Bienvenido a SOCIO-BEE! Nuestro proyecto pretende aunar comunidades, ciencia ciudadana e innovaci\u00f3n social para hacer del mundo un lugar mejor. Utilizando las \u00faltimas tecnolog\u00edas y haciendo las cosas divertidas, creemos que podemos ayudar a la gente a adoptar comportamientos sostenibles y reducir la [&hellip;]<\/p>\n","protected":false},"author":2,"featured_media":0,"parent":0,"menu_order":0,"comment_status":"closed","ping_status":"closed","template":"","meta":{"_et_pb_use_builder":"on","_et_pb_old_content":"","_et_gb_content_width":"","om_disable_all_campaigns":false,"_monsterinsights_skip_tracking":false,"_monsterinsights_sitenote_active":false,"_monsterinsights_sitenote_note":"","_monsterinsights_sitenote_category":0,"footnotes":""},"class_list":["post-584","page","type-page","status-publish","hentry"],"jetpack_sharing_enabled":true,"_links":{"self":[{"href":"https:\/\/socio-bee.eu\/index.php?rest_route=\/wp\/v2\/pages\/584","targetHints":{"allow":["GET"]}}],"collection":[{"href":"https:\/\/socio-bee.eu\/index.php?rest_route=\/wp\/v2\/pages"}],"about":[{"href":"https:\/\/socio-bee.eu\/index.php?rest_route=\/wp\/v2\/types\/page"}],"author":[{"embeddable":true,"href":"https:\/\/socio-bee.eu\/index.php?rest_route=\/wp\/v2\/users\/2"}],"replies":[{"embeddable":true,"href":"https:\/\/socio-bee.eu\/index.php?rest_route=%2Fwp%2Fv2%2Fcomments&post=584"}],"version-history":[{"count":24,"href":"https:\/\/socio-bee.eu\/index.php?rest_route=\/wp\/v2\/pages\/584\/revisions"}],"predecessor-version":[{"id":2653,"href":"https:\/\/socio-bee.eu\/index.php?rest_route=\/wp\/v2\/pages\/584\/revisions\/2653"}],"wp:attachment":[{"href":"https:\/\/socio-bee.eu\/index.php?rest_route=%2Fwp%2Fv2%2Fmedia&parent=584"}],"curies":[{"name":"wp","href":"https:\/\/api.w.org\/{rel}","templated":true}]}}