{"id":2550,"date":"2024-07-02T13:52:39","date_gmt":"2024-07-02T12:52:39","guid":{"rendered":"https:\/\/socio-bee.eu\/?page_id=2550"},"modified":"2024-07-10T13:48:24","modified_gmt":"2024-07-10T12:48:24","slug":"socio-bee-materiali-di-formazione","status":"publish","type":"page","link":"https:\/\/socio-bee.eu\/?page_id=2550&lang=it","title":{"rendered":"SOCIO-BEE materiali di formazione"},"content":{"rendered":"<p>[et_pb_section fb_built=&#8221;1&#8243; _builder_version=&#8221;4.21.0&#8243; _module_preset=&#8221;default&#8221; background_image=&#8221;https:\/\/socio-bee.eu\/wp-content\/uploads\/2024\/05\/Base-template_tools-2.png&#8221; background_size=&#8221;initial&#8221; background_position=&#8221;top_center&#8221; global_colors_info=&#8221;{}&#8221;][et_pb_row _builder_version=&#8221;4.21.0&#8243; _module_preset=&#8221;default&#8221; global_colors_info=&#8221;{}&#8221;][et_pb_column type=&#8221;4_4&#8243; _builder_version=&#8221;4.21.0&#8243; _module_preset=&#8221;default&#8221; global_colors_info=&#8221;{}&#8221;][et_pb_text _builder_version=&#8221;4.21.0&#8243; _module_preset=&#8221;default&#8221; text_font_size=&#8221;17px&#8221; header_font_size=&#8221;50px&#8221; global_colors_info=&#8221;{}&#8221;]<\/p>\n<h1>SOCIO-BEE Tool Kit<\/h1>\n<p>[\/et_pb_text][\/et_pb_column][\/et_pb_row][et_pb_row column_structure=&#8221;2_3,1_3&#8243; _builder_version=&#8221;4.21.0&#8243; _module_preset=&#8221;default&#8221; custom_margin=&#8221;-66px|auto||auto||&#8221; global_colors_info=&#8221;{}&#8221;][et_pb_column type=&#8221;2_3&#8243; _builder_version=&#8221;4.21.0&#8243; _module_preset=&#8221;default&#8221; global_colors_info=&#8221;{}&#8221;][et_pb_text _builder_version=&#8221;4.21.0&#8243; _module_preset=&#8221;default&#8221; text_font_size=&#8221;19px&#8221; width=&#8221;100%&#8221; min_height=&#8221;34.8px&#8221; custom_margin=&#8221;|-28px||||&#8221; custom_padding=&#8221;32px||54px|||&#8221; global_colors_info=&#8221;{}&#8221;]<\/p>\n<p style=\"text-align: justify;\">La metodologia SOCIO-BEE \u00e8 progettata in modo che i partecipanti possano assumere ruoli distinti con diversi livelli di responsabilit\u00e0 e impegno. Che tu voglia organizzare un esperimento, gestire i partecipanti, monitorare le campagne o raccogliere dati, ognuno ha un ruolo.<\/p>\n<p style=\"text-align: justify;\">I partecipanti attivi alla metodologia SOCIO-BEE ricoprono quattro ruoli:<\/p>\n<ol>\n<li style=\"text-align: justify;\"><span style=\"color: #e09900;\"><strong>Comuni<\/strong><\/span>: istituzioni governative locali che decidono di utilizzare gli strumenti SOCIO-BEE per monitorare la qualit\u00e0 dell&#8217;aria nella propria zona.<\/li>\n<li style=\"text-align: justify;\"><span style=\"color: #e09900;\"><strong>Apicoltori<\/strong><\/span>: i gestori degli alveari (insieme di volontari che partecipano attivamente ad un esperimento). Gli apicoltori supervisionano tutti i partecipanti e gestiscono campagne e altre attivit\u00e0.<\/li>\n<li style=\"text-align: justify;\"><span style=\"color: #e09900;\"><strong>Api regine<\/strong><\/span>: leader dell&#8217;alveare che coordinano le attivit\u00e0 collettive. Partecipanti interessati a condurre iniziative di citizen science e che mirano anche a incoraggiare gli altri a partecipare.<\/li>\n<li style=\"text-align: justify;\"><span style=\"color: #e09900;\"><strong>Api operaie<\/strong><\/span>: sono in genere le api pi\u00f9 attive dell&#8217;alveare e svolgono una serie di compiti, dalla raccolta dei dati all&#8217;analisi.<\/li>\n<\/ol>\n<p style=\"text-align: justify;\">Di seguito troverai tutte le informazioni necessarie per condurre e\/o partecipare a una campagna di citizen science utilizzando la metodologia e gli strumenti SOCIO-BEE.<\/p>\n<p>[\/et_pb_text][\/et_pb_column][et_pb_column type=&#8221;1_3&#8243; _builder_version=&#8221;4.21.0&#8243; _module_preset=&#8221;default&#8221; global_colors_info=&#8221;{}&#8221;][\/et_pb_column][\/et_pb_row][\/et_pb_section][et_pb_section fb_built=&#8221;1&#8243; _builder_version=&#8221;4.21.0&#8243; _module_preset=&#8221;default&#8221; background_color=&#8221;#FAEED3&#8243; background_enable_image=&#8221;off&#8221; background_size=&#8221;custom&#8221; background_image_width=&#8221;100%&#8221; background_image_height=&#8221;40%&#8221; background_position=&#8221;top_center&#8221; background_blend=&#8221;darken&#8221; custom_margin=&#8221;-54px|||||&#8221; global_colors_info=&#8221;{}&#8221;][et_pb_row _builder_version=&#8221;4.21.0&#8243; _module_preset=&#8221;default&#8221; global_colors_info=&#8221;{}&#8221;][et_pb_column type=&#8221;4_4&#8243; _builder_version=&#8221;4.21.0&#8243; _module_preset=&#8221;default&#8221; global_colors_info=&#8221;{}&#8221;][et_pb_toggle title=&#8221;Comuni&#8221; open_toggle_text_color=&#8221;#E09900&#8243; toggle_icon=&#8221;&#x43;||divi||400&#8243; _builder_version=&#8221;4.21.0&#8243; _module_preset=&#8221;default&#8221; title_level=&#8221;h1&#8243; title_font=&#8221;||||||||&#8221; title_letter_spacing=&#8221;1px&#8221; closed_title_font=&#8221;||||||||&#8221; closed_title_letter_spacing=&#8221;1px&#8221; body_line_height=&#8221;1.5em&#8221; body_link_text_color=&#8221;#fb8500&#8243; hover_enabled=&#8221;0&#8243; box_shadow_style=&#8221;preset2&#8243; global_colors_info=&#8221;{}&#8221; sticky_enabled=&#8221;0&#8243;]<\/p>\n<h3><a href=\"https:\/\/socio-bee.eu\/wp-content\/uploads\/2024\/07\/001-IT-How-to-organise-a-CS-project.pdf\">Come organizzare un progetto di CS<\/a><\/h3>\n<p>Questo documento fornisce una panoramica generale e le fasi principali per organizzare un progetto di citizen science.<\/p>\n<h3><a href=\"https:\/\/socio-bee.eu\/wp-content\/uploads\/2024\/07\/002-IT-SocioBee-Narrative-verified-F.pdf\">Mappa Concettuale<\/a><\/h3>\n<p>Questa infografica mostra l&#8217;intera ecosfera SOCIO-BEE. Tutti i soggetti interessati, i materiali e le attivit\u00e0 sono mappati su una linea temporale.<\/p>\n<h3><a href=\"https:\/\/socio-bee.eu\/wp-content\/uploads\/2024\/07\/004-IT-How-to-communicate.pdf\">Come comunicare in un progetto di citizen science Progetto<\/a><\/h3>\n<p>Una comunicazione efficace nei progetti di citizen science svolge un ruolo cruciale dall&#8217;avvio del progetto alla diffusione dei risultati. Questo documento illustra come definire un piano di comunicazione dettagliato e di successo.<\/p>\n<h3><a href=\"https:\/\/socio-bee.eu\/wp-content\/uploads\/2024\/07\/005-IT-HOW-TO-DECIDE-BEE-ROLES.pdf\">Come capire i ruoli dell&#8217;ape<\/a><\/h3>\n<p>Per far funzionare un progetto di CS sono necessari diversi ruoli con diverse responsabilit\u00e0. Questo questionario aiuta i partecipanti a individuare il ruolo in SOCIO-BEE pi\u00f9 adatto a loro.<\/p>\n<h3><a href=\"https:\/\/socio-bee.eu\/wp-content\/uploads\/2024\/07\/007-IT-data-protection-and-ethics-F.pdf\">Protezione dei dati &amp; etica<\/a><\/h3>\n<p>Come ogni progetto di Citizen Science, SOCIOBEE tratta dati personali e possibilmente sensibili. In questo documento viene descritto come la nostra tecnologia protegge questi dati e come trattiamo i dati raccolti in modo etico.<\/p>\n<h3><a href=\"https:\/\/socio-bee.eu\/wp-content\/uploads\/2024\/07\/012-IT-How-to-be-inclusive_Verified.pdf\">Come essere inclusivi<\/a><\/h3>\n<p>Per una buona CS, essere consapevoli dell&#8217;inclusione \u00e8 fondamentale. Questo questionario aiuta a verificare il proprio processo e a identificare i punti ciechi.<\/p>\n<p><span style=\"font-size: large;\"><strong><span style=\"text-decoration: underline; color: #0000ff;\"><\/span><\/strong><\/span><span style=\"font-size: large;\"><span style=\"text-decoration: underline; color: #0000ff; font-size: medium;\"><\/span><\/span><\/p>\n<p>&nbsp;<\/p>\n<h3><a href=\"https:\/\/socio-bee.eu\/wp-content\/uploads\/2024\/07\/Comuni.zip\"><img loading=\"lazy\" decoding=\"async\" src=\"https:\/\/socio-bee.eu\/wp-content\/uploads\/2024\/05\/Download-all-3-300x70.png\" width=\"146\" height=\"34\" alt=\"\" class=\"wp-image-1857 alignnone size-medium\" \/><\/a><span style=\"font-size: large;\"><span style=\"text-decoration: underline; color: #0000ff; font-size: medium;\"><\/span><\/span><\/h3>\n<p>[\/et_pb_toggle][et_pb_toggle title=&#8221;Apicoltori&#8221; open_toggle_text_color=&#8221;#E09900&#8243; toggle_icon=&#8221;&#x43;||divi||400&#8243; _builder_version=&#8221;4.21.0&#8243; _module_preset=&#8221;default&#8221; title_level=&#8221;h1&#8243; title_font=&#8221;||||||||&#8221; body_link_text_color=&#8221;#fb8500&#8243; custom_margin=&#8221;-37px||-1px|||&#8221; hover_enabled=&#8221;0&#8243; box_shadow_style=&#8221;preset2&#8243; global_colors_info=&#8221;{}&#8221; sticky_enabled=&#8221;0&#8243;]<\/p>\n<h3><a href=\"https:\/\/socio-bee.eu\/wp-content\/uploads\/2024\/07\/001-IT-How-to-organise-a-CS-project.pdf\">Come organizzare un progetto di cs<\/a><\/h3>\n<p>Questo documento fornisce una panoramica generale e le fasi principali per organizzare un progetto di citizen science.<\/p>\n<h3><a href=\"https:\/\/socio-bee.eu\/wp-content\/uploads\/2024\/07\/002-IT-SocioBee-Narrative-verified-F.pdf\">Mappa concettuale<\/a><\/h3>\n<p>Questa infografica mostra l&#8217;intera ecosfera SOCIO-BEE. Tutti i soggetti interessati, i materiali e le attivit\u00e0 sono mappati su una linea temporale.<\/p>\n<h3><a href=\"https:\/\/socio-bee.eu\/wp-content\/uploads\/2024\/07\/007-IT-data-protection-and-ethics-F.pdf\">Protezione dei dati &amp; etica<\/a><\/h3>\n<p>Come ogni progetto di Citizen Science, SOCIOBEE tratta dati personali e possibilmente sensibili. In questo documento viene descritto come la nostra tecnologia protegge questi dati e come trattiamo i dati raccolti in modo etico.<\/p>\n<h3><a href=\"https:\/\/socio-bee.eu\/wp-content\/uploads\/2024\/07\/004-IT-How-to-communicate.pdf\">Come comunicare in un progetto di citizen science progetto<\/a><\/h3>\n<p>Una comunicazione efficace nei progetti di citizen science svolge un ruolo cruciale dall&#8217;avvio del progetto alla diffusione dei risultati. Questo documento illustra come definire un piano di comunicazione dettagliato e di successo.<\/p>\n<h3><a href=\"https:\/\/socio-bee.eu\/wp-content\/uploads\/2024\/07\/005-IT-HOW-TO-DECIDE-BEE-ROLES.pdf\">Come capire i ruoli dell&#8217;ape<\/a><\/h3>\n<p>Per far funzionare un progetto di CS sono necessari diversi ruoli con diverse responsabilit\u00e0. Questo questionario aiuta i partecipanti a individuare il ruolo in SOCIO-BEE pi\u00f9 adatto a loro.<\/p>\n<h3><a href=\"https:\/\/socio-bee.eu\/wp-content\/uploads\/2024\/07\/032-Manual-de-la-aplicacion.pdf\">Manuale dell&#8217;app<\/a><\/h3>\n<p>l&#8217;applicazione mobile consente ai partecipanti di effettuare le misurazioni sul campo. Ecco una guida all&#8217;uso per conoscere l&#8217;applicazione.<\/p>\n<h3><a href=\"https:\/\/socio-bee.eu\/wp-content\/uploads\/2024\/07\/028-Manual-de-la-Academe.pdf\">App Web SOCIO BEE manual<\/a><\/h3>\n<p>&nbsp;<\/p>\n<h3><a href=\"https:\/\/socio-bee.eu\/wp-content\/uploads\/2024\/07\/020-Contaminacion-atmosferica-101.pdf\">Air pollution 101<\/a><\/h3>\n<p>Per realizzare un progetto sull&#8217;inquinamento atmosferico \u00e8 necessario saperne qualcosa. Questo documento fornisce un&#8217;idea dei quattro principali gas e particelle presenti nell&#8217;aria che \u00e8 possibile misurare.<\/p>\n<h3><a href=\"https:\/\/socio-bee.eu\/wp-content\/uploads\/2024\/07\/013-Como-disenar-una-campana.pdf\">C\u00f3mo dise\u00f1ar una campa\u00f1a<\/a><\/h3>\n<p>Questo documento guida l&#8217;utente attraverso il processo di impostazione e mantenimento di una campagna. A tale scopo, fa riferimento a molti altri manuali e materiali presenti in questa pagina.<\/p>\n<h3><a href=\"https:\/\/socio-bee.eu\/wp-content\/uploads\/2024\/07\/036-Medicion-en-campanas.pdf\">Come fare le misurazioni Nelle campagne<\/a><\/h3>\n<p>Prendere le misure in modo corretto \u00e8 importante. Questo tutorial spiega come assicurarsi che le misure siano corrette.<\/p>\n<h3><a href=\"https:\/\/socio-bee.eu\/wp-content\/uploads\/2024\/07\/014-IT-How-to-monitor-a-campaign_VERIFIED.pdf\">Come monitorare una campagna<\/a><\/h3>\n<p>Mentre una campagna \u00e8 in corso, sono disponibili molte funzioni per monitorare il comportamento e i risultati dei partecipanti. Questo documento spiega come utilizzarle e interpretarle.<\/p>\n<h3><a href=\"https:\/\/socio-bee.eu\/wp-content\/uploads\/2024\/07\/015-IT-How-to-measure-engagement-verified-F.pdf\">Come misurare il coinvolgimento<\/a><\/h3>\n<p>Il coinvolgimento dei partecipanti \u00e8 il motore di un progetto di CS. Questo documento spiega come misurare il coinvolgimento e quali strumenti si possono utilizzare per migliorarlo<\/p>\n<h3><a href=\"https:\/\/socio-bee.eu\/wp-content\/uploads\/2024\/07\/025-IT-How-to-interpret-Campaign-Results-Verified.pdf\">Come interpretare i risultati della campagna<\/a><\/h3>\n<p>Tutte le misurazioni di una campagna vengono raccolte in una rappresentazione visiva. In questo documento viene spiegato come interpretare questa &#8220;mappa di calore&#8221;.<\/p>\n<h3><a href=\"https:\/\/socio-bee.eu\/wp-content\/uploads\/2024\/07\/027-IT-How-to-analyze-Campaign-results-CSV-data_VERIFIED.pdf\">Come analizzare i risultati delle campagne<\/a><\/h3>\n<p>Tutte le misure di una campagna possono essere scaricate in un foglio di calcolo. In questo documento viene spiegato come analizzare questi dati.<\/p>\n<h3><a href=\"https:\/\/socio-bee.eu\/wp-content\/uploads\/2024\/07\/006-IT-How-to-engage-bears.pdf\">Come coinvolgere gli orsi nella scienza i progetti<\/a><\/h3>\n<p>Per avere un impatto \u00e8 fondamentale raggiungere e diffondere le proprie scoperte. Un modo \u00e8 trovare persone che possano approfondire le vostre scoperte. Noi li chiamiamo orsetti del miele. Questo documento vi aiuta a capire come trovarli.<\/p>\n<p>&nbsp;<\/p>\n<p>&nbsp;<\/p>\n<h3><a href=\"https:\/\/socio-bee.eu\/wp-content\/uploads\/2024\/07\/Apicoltori.zip\"><img loading=\"lazy\" decoding=\"async\" src=\"https:\/\/socio-bee.eu\/wp-content\/uploads\/2024\/05\/Download-all-3-300x70.png\" width=\"146\" height=\"34\" alt=\"\" class=\"wp-image-1857 alignnone size-medium\" \/><\/a><\/h3>\n<p>[\/et_pb_toggle][et_pb_toggle title=&#8221;Api regine&#8221; open_toggle_text_color=&#8221;#E09900&#8243; toggle_icon=&#8221;&#x43;||divi||400&#8243; _builder_version=&#8221;4.21.0&#8243; _module_preset=&#8221;default&#8221; title_level=&#8221;h1&#8243; body_link_text_color=&#8221;#fb8500&#8243; hover_enabled=&#8221;0&#8243; box_shadow_style=&#8221;preset2&#8243; global_colors_info=&#8221;{}&#8221; sticky_enabled=&#8221;0&#8243;]<\/p>\n<h3><a href=\"https:\/\/socio-bee.eu\/wp-content\/uploads\/2024\/07\/005-IT-HOW-TO-DECIDE-BEE-ROLES.pdf\" target=\"_blank\" rel=\"noopener\">Come capire i ruoli dell&#8217;ape<\/a><\/h3>\n<p>Per far funzionare un progetto di CS sono necessari diversi ruoli con diverse responsabilit\u00e0. Questo questionario aiuta i partecipanti a individuare il ruolo in SOCIO-BEE pi\u00f9 adatto a loro.<\/p>\n<h3><a href=\"https:\/\/socio-bee.eu\/wp-content\/uploads\/2024\/07\/028-IT-Academe-manual-CAMPAIGNS.pdf\" target=\"_blank\" rel=\"noopener\">Manuale dell&#8217;app<\/a><\/h3>\n<p>l&#8217;applicazione mobile consente ai partecipanti di effettuare le misurazioni sul campo. Ecco una guida all&#8217;uso per conoscere l&#8217;applicazione.<\/p>\n<h3><a href=\"https:\/\/socio-bee.eu\/wp-content\/uploads\/2024\/07\/028-IT-Academe-manual-HIVES.pdf\" target=\"_blank\" rel=\"noopener\">App Web SOCIO-BEE manual<\/a><\/h3>\n<p>&nbsp;<\/p>\n<h3><a href=\"https:\/\/socio-bee.eu\/wp-content\/uploads\/2024\/07\/020-IT-Introduction-on-air-pollution-F.pdf\" target=\"_blank\" rel=\"noopener\">Air pollution 101<\/a><\/h3>\n<p>Per realizzare un progetto sull&#8217;inquinamento atmosferico \u00e8 necessario saperne qualcosa. Questo documento fornisce un&#8217;idea dei quattro principali gas e particelle presenti nell&#8217;aria che \u00e8 possibile misurare.<\/p>\n<h3><a href=\"https:\/\/socio-bee.eu\/wp-content\/uploads\/2024\/07\/008-IT-How-to-install-the-app-F.pdf\" target=\"_blank\" rel=\"noopener\">Scaricare e installare l&#8217;applicazione SOCIO-BEE<\/a><\/h3>\n<p>il documento spiega come scaricare e installare l&#8217;applicazione mobile SOCIO-BEE.<\/p>\n<h3><a href=\"https:\/\/socio-bee.eu\/wp-content\/uploads\/2024\/07\/028-IT-Academe-manual-CAMPAIGNS.pdf\" target=\"_blank\" rel=\"noopener\">App Web SOCIO BEE manual (Alveari)<\/a><\/h3>\n<p>Questo documento spiega come un&#8217;ape regina pu\u00f2 utilizzare l&#8217;applicazione web per impostare una campagna, gestire il proprio alveare e accedere ai risultati delle misurazioni per interpretarli.<\/p>\n<h3><a href=\"https:\/\/socio-bee.eu\/wp-content\/uploads\/2024\/07\/022-IT-Making-a-Hive-Manifesto-F.pdf\">Manifesto dell&#8217;alveare<\/a><\/h3>\n<p>[In un nuovo alveare i partecipanti possono utilizzare un manifesto per concordare come lavorare insieme e cosa si aspettano da se stessi e dagli altri.<\/p>\n<h3><a href=\"https:\/\/socio-bee.eu\/wp-content\/uploads\/2024\/07\/024-IT-Science-loop-tutorial-F.pdf\" target=\"_blank\" rel=\"noopener\">Come fare il Ciclo scientifico?<\/a><\/h3>\n<p>Questo documento spiega come il vostro progetto di Citizen Science possa avere un impatto: come porre le domande giuste, come raccogliere le informazioni corrette, come interpretare le misurazioni e cosa fare con i risultati.<\/p>\n<h3><a href=\"https:\/\/socio-bee.eu\/wp-content\/uploads\/2024\/07\/013-IT-How-to-design-a-campaign.pdf\" target=\"_blank\" rel=\"noopener\">C\u00f3mo dise\u00f1ar una campa\u00f1a<\/a><\/h3>\n<p>Questo documento guida l&#8217;utente attraverso il processo di impostazione e mantenimento di una campagna. A tale scopo, fa riferimento a molti altri manuali e materiali presenti in questa pagina.<\/p>\n<h3><a href=\"https:\/\/socio-bee.eu\/wp-content\/uploads\/2024\/07\/036-IT-Tutorial-how-to-measure-F.pdf\" target=\"_blank\" rel=\"noopener\">Come fare le misurazioni Nelle campagne<\/a><\/h3>\n<p>Prendere le misure in modo corretto \u00e8 importante. Questo tutorial spiega come assicurarsi che le misure siano corrette.<\/p>\n<h3><a href=\"https:\/\/socio-bee.eu\/wp-content\/uploads\/2024\/07\/014-IT-How-to-monitor-a-campaign_VERIFIED.pdf\" target=\"_blank\" rel=\"noopener\">Come monitorare una campagna<\/a><\/h3>\n<p>Mentre una campagna \u00e8 in corso, sono disponibili molte funzioni per monitorare il comportamento e i risultati dei partecipanti. Questo documento spiega come utilizzarle e interpretarle.<\/p>\n<h3><a href=\"https:\/\/socio-bee.eu\/wp-content\/uploads\/2024\/07\/015-IT-How-to-measure-engagement-verified-F.pdf\" target=\"_blank\" rel=\"noopener\">Come misurare il coinvolgimento<\/a><\/h3>\n<p>Il coinvolgimento dei partecipanti \u00e8 il motore di un progetto di CS. Questo documento spiega come misurare il coinvolgimento e quali strumenti si possono utilizzare per migliorarlo.<\/p>\n<h3><a href=\"https:\/\/socio-bee.eu\/wp-content\/uploads\/2024\/07\/025-IT-How-to-interpret-Campaign-Results-Verified.pdf\" target=\"_blank\" rel=\"noopener\">Come interpretare i risultati della campagna<\/a><\/h3>\n<p>Tutte le misurazioni di una campagna vengono raccolte in una rappresentazione visiva. In questo documento viene spiegato come interpretare questa &#8220;mappa di calore&#8221;.<\/p>\n<h3><a href=\"https:\/\/socio-bee.eu\/wp-content\/uploads\/2024\/07\/027-IT-How-to-analyze-Campaign-results-CSV-data_VERIFIED.pdf\" target=\"_blank\" rel=\"noopener\">Come analizzare i risultati delle campagne (CSV)<\/a><\/h3>\n<p>Tutte le misure di una campagna possono essere scaricate in un foglio di calcolo. In questo documento viene spiegato come analizzare questi dati.<\/p>\n<h3><a href=\"https:\/\/socio-bee.eu\/wp-content\/uploads\/2024\/07\/006-IT-How-to-engage-bears.pdf\" target=\"_blank\" rel=\"noopener\">Come coinvolgere gli orsi nella scienza i progetti<\/a><\/h3>\n<p>Per avere un impatto \u00e8 fondamentale raggiungere e diffondere le proprie scoperte. Un modo \u00e8 trovare persone che possano approfondire le vostre scoperte. Noi li chiamiamo orsetti del miele. Questo documento vi aiuta a capire come trovarli.<\/p>\n<p>&nbsp;<\/p>\n<p>&nbsp;<\/p>\n<h3><a href=\"https:\/\/socio-bee.eu\/wp-content\/uploads\/2024\/07\/Api-regine.zip\"><img loading=\"lazy\" decoding=\"async\" src=\"https:\/\/socio-bee.eu\/wp-content\/uploads\/2024\/05\/Download-all-3-300x70.png\" width=\"146\" height=\"34\" alt=\"\" class=\"wp-image-1857 alignnone size-medium\" \/><\/a><\/h3>\n<p>[\/et_pb_toggle][et_pb_toggle title=&#8221;Api operaie&#8221; open_toggle_text_color=&#8221;#E09900&#8243; toggle_icon=&#8221;&#x43;||divi||400&#8243; _builder_version=&#8221;4.21.0&#8243; _module_preset=&#8221;default&#8221; title_level=&#8221;h1&#8243; body_link_text_color=&#8221;#fb8500&#8243; min_height=&#8221;81px&#8221; custom_margin=&#8221;-37px||-21px|||&#8221; custom_padding=&#8221;29px|||||&#8221; hover_enabled=&#8221;0&#8243; box_shadow_style=&#8221;preset2&#8243; global_colors_info=&#8221;{}&#8221; sticky_enabled=&#8221;0&#8243;]<\/p>\n<h3><a href=\"https:\/\/socio-bee.eu\/wp-content\/uploads\/2024\/07\/005-IT-HOW-TO-DECIDE-BEE-ROLES.pdf\" target=\"_blank\" rel=\"noopener\">Come capire i ruoli dell&#8217;ape<\/a><\/h3>\n<p>Per far funzionare un progetto di CS sono necessari diversi ruoli con diverse responsabilit\u00e0. Questo questionario aiuta i partecipanti a individuare il ruolo in SOCIO-BEE pi\u00f9 adatto a loro.<\/p>\n<h3><a href=\"https:\/\/socio-bee.eu\/wp-content\/uploads\/2024\/07\/028-IT-Academe-manual-CAMPAIGNS.pdf\" target=\"_blank\" rel=\"noopener\">App Web SOCIO BEE manual<\/a><\/h3>\n<p>&nbsp;<\/p>\n<h3><a href=\"https:\/\/socio-bee.eu\/wp-content\/uploads\/2024\/07\/020-IT-Introduction-on-air-pollution-F.pdf\" target=\"_blank\" rel=\"noopener\">Air pollution 101<\/a><\/h3>\n<p>Per realizzare un progetto sull&#8217;inquinamento atmosferico \u00e8 necessario saperne qualcosa. Questo documento fornisce un&#8217;idea dei quattro principali gas e particelle presenti nell&#8217;aria che \u00e8 possibile misurare.<\/p>\n<h3><a href=\"https:\/\/socio-bee.eu\/wp-content\/uploads\/2024\/07\/008-IT-How-to-install-the-app-F.pdf\" target=\"_blank\" rel=\"noopener\">Scaricare e installare l&#8217;applicazione SOCIO-BEE<\/a><\/h3>\n<p>il documento spiega come scaricare e installare l&#8217;applicazione mobile SOCIO-BEE.<\/p>\n<h3><a href=\"https:\/\/socio-bee.eu\/wp-content\/uploads\/2024\/07\/022-IT-Making-a-Hive-Manifesto-F.pdf\" target=\"_blank\" rel=\"noopener\">Manifesto dell&#8217;alveare<\/a><\/h3>\n<p>[In un nuovo alveare i partecipanti possono utilizzare un manifesto per concordare come lavorare insieme e cosa si aspettano da se stessi e dagli altri.<\/p>\n<h3><a href=\"https:\/\/socio-bee.eu\/wp-content\/uploads\/2024\/07\/036-IT-Tutorial-how-to-measure-F.pdf\" target=\"_blank\" rel=\"noopener\">Come fare le misurazioni Nelle campagne<\/a><\/h3>\n<p>Prendere le misure in modo corretto \u00e8 importante. Questo tutorial spiega come assicurarsi che le misure siano corrette.<\/p>\n<h3><a href=\"https:\/\/socio-bee.eu\/wp-content\/uploads\/2024\/07\/025-IT-How-to-interpret-Campaign-Results-Verified.pdf\" target=\"_blank\" rel=\"noopener\">Come interpretare i risultati della campagna<\/a><\/h3>\n<p>Tutte le misurazioni di una campagna vengono raccolte in una rappresentazione visiva. In questo documento viene spiegato come interpretare questa &#8220;mappa di calore&#8221;.<\/p>\n<h3><a href=\"https:\/\/socio-bee.eu\/wp-content\/uploads\/2024\/07\/027-IT-How-to-analyze-Campaign-results-CSV-data_VERIFIED.pdf\" target=\"_blank\" rel=\"noopener\">Come analizzare i risultati delle campagne (CSV)<\/a><\/h3>\n<p>Tutte le misure di una campagna possono essere scaricate in un foglio di calcolo. In questo documento viene spiegato come analizzare questi dati.<\/p>\n<h3><a href=\"https:\/\/socio-bee.eu\/wp-content\/uploads\/2024\/07\/006-IT-How-to-engage-bears.pdf\" target=\"_blank\" rel=\"noopener\">Come coinvolgere gli orsi nella scienza i progetti<\/a><\/h3>\n<p>Per avere un impatto \u00e8 fondamentale raggiungere e diffondere le proprie scoperte. Un modo \u00e8 trovare persone che possano approfondire le vostre scoperte. Noi li chiamiamo orsetti del miele. Questo documento vi aiuta a capire come trovarli.<\/p>\n<p>&nbsp;<\/p>\n<p>&nbsp;<\/p>\n<h3><a href=\"https:\/\/socio-bee.eu\/wp-content\/uploads\/2024\/07\/Api-operaie.zip\"><img loading=\"lazy\" decoding=\"async\" src=\"https:\/\/socio-bee.eu\/wp-content\/uploads\/2024\/05\/Download-all-3-300x70.png\" width=\"146\" height=\"34\" alt=\"\" class=\"wp-image-1857 alignnone size-medium\" \/><\/a><\/h3>\n<p>[\/et_pb_toggle][\/et_pb_column][\/et_pb_row][et_pb_row _builder_version=&#8221;4.21.0&#8243; _module_preset=&#8221;default&#8221; global_colors_info=&#8221;{}&#8221;][et_pb_column type=&#8221;4_4&#8243; _builder_version=&#8221;4.21.0&#8243; _module_preset=&#8221;default&#8221; global_colors_info=&#8221;{}&#8221;][\/et_pb_column][\/et_pb_row][\/et_pb_section]<\/p>\n","protected":false},"excerpt":{"rendered":"<p>SOCIO-BEE Tool KitLa metodologia SOCIO-BEE \u00e8 progettata in modo che i partecipanti possano assumere ruoli distinti con diversi livelli di responsabilit\u00e0 e impegno. Che tu voglia organizzare un esperimento, gestire i partecipanti, monitorare le campagne o raccogliere dati, ognuno ha un ruolo. I partecipanti attivi alla metodologia SOCIO-BEE ricoprono quattro ruoli: Comuni: istituzioni governative locali [&hellip;]<\/p>\n","protected":false},"author":4,"featured_media":0,"parent":0,"menu_order":0,"comment_status":"closed","ping_status":"closed","template":"","meta":{"_et_pb_use_builder":"on","_et_pb_old_content":"","_et_gb_content_width":"","om_disable_all_campaigns":false,"_monsterinsights_skip_tracking":false,"_monsterinsights_sitenote_active":false,"_monsterinsights_sitenote_note":"","_monsterinsights_sitenote_category":0,"footnotes":""},"class_list":["post-2550","page","type-page","status-publish","hentry"],"jetpack_sharing_enabled":true,"_links":{"self":[{"href":"https:\/\/socio-bee.eu\/index.php?rest_route=\/wp\/v2\/pages\/2550","targetHints":{"allow":["GET"]}}],"collection":[{"href":"https:\/\/socio-bee.eu\/index.php?rest_route=\/wp\/v2\/pages"}],"about":[{"href":"https:\/\/socio-bee.eu\/index.php?rest_route=\/wp\/v2\/types\/page"}],"author":[{"embeddable":true,"href":"https:\/\/socio-bee.eu\/index.php?rest_route=\/wp\/v2\/users\/4"}],"replies":[{"embeddable":true,"href":"https:\/\/socio-bee.eu\/index.php?rest_route=%2Fwp%2Fv2%2Fcomments&post=2550"}],"version-history":[{"count":26,"href":"https:\/\/socio-bee.eu\/index.php?rest_route=\/wp\/v2\/pages\/2550\/revisions"}],"predecessor-version":[{"id":3007,"href":"https:\/\/socio-bee.eu\/index.php?rest_route=\/wp\/v2\/pages\/2550\/revisions\/3007"}],"wp:attachment":[{"href":"https:\/\/socio-bee.eu\/index.php?rest_route=%2Fwp%2Fv2%2Fmedia&parent=2550"}],"curies":[{"name":"wp","href":"https:\/\/api.w.org\/{rel}","templated":true}]}}