{"id":1610,"date":"2024-03-27T10:15:29","date_gmt":"2024-03-27T10:15:29","guid":{"rendered":"https:\/\/socio-bee.eu\/?page_id=1610"},"modified":"2024-09-30T10:21:54","modified_gmt":"2024-09-30T08:21:54","slug":"ancona","status":"publish","type":"page","link":"https:\/\/socio-bee.eu\/?page_id=1610&lang=it","title":{"rendered":"Ancona"},"content":{"rendered":"<p>[et_pb_section fb_built=&#8221;1&#8243; _builder_version=&#8221;4.21.0&#8243; background_image=&#8221;https:\/\/socio-bee.eu\/wp-content\/uploads\/2024\/03\/ancona-harbor-scaled.jpg&#8221; global_colors_info=&#8221;{}&#8221;][et_pb_row _builder_version=&#8221;4.16&#8243; global_colors_info=&#8221;{}&#8221;][et_pb_column type=&#8221;4_4&#8243; _builder_version=&#8221;4.16&#8243; global_colors_info=&#8221;{}&#8221;][et_pb_text _builder_version=&#8221;4.16&#8243; header_font=&#8221;|800|||||||&#8221; header_text_align=&#8221;center&#8221; header_text_color=&#8221;#ffffff&#8221; header_font_size=&#8221;70px&#8221; global_colors_info=&#8221;{}&#8221;]<\/p>\n<h1>Ancona<\/h1>\n<p>[\/et_pb_text][et_pb_divider color=&#8221;RGBA(255,255,255,0)&#8221; _builder_version=&#8221;4.21.0&#8243; _module_preset=&#8221;default&#8221; min_height=&#8221;75px&#8221; global_colors_info=&#8221;{}&#8221;][\/et_pb_divider][et_pb_text _builder_version=&#8221;4.21.0&#8243; text_font=&#8221;Roboto||||||||&#8221; text_text_color=&#8221;#ffffff&#8221; text_font_size=&#8221;25px&#8221; background_color=&#8221;rgba(224,153,0,0.2)&#8221; text_orientation=&#8221;center&#8221; custom_padding=&#8221;10px|10px|10px|10px|false|false&#8221; global_colors_info=&#8221;{}&#8221;]<\/p>\n<p>Analizzare la qualit\u00e0 dell&#8217;aria attraverso dispositivi di misurazione e citizen science per il cambiamento comportamentale<\/p>\n<p>[\/et_pb_text][\/et_pb_column][\/et_pb_row][\/et_pb_section][et_pb_section fb_built=&#8221;1&#8243; _builder_version=&#8221;4.16&#8243; background_color=&#8221;rgba(198,141,34,0.1)&#8221; background_enable_image=&#8221;off&#8221; background_size=&#8221;initial&#8221; background_repeat=&#8221;space&#8221; background_blend=&#8221;multiply&#8221; custom_padding=&#8221;0px|||||&#8221; global_colors_info=&#8221;{}&#8221;][et_pb_row _builder_version=&#8221;4.21.0&#8243; _module_preset=&#8221;default&#8221; custom_padding=&#8221;7px|||||&#8221; global_colors_info=&#8221;{}&#8221;][et_pb_column type=&#8221;4_4&#8243; _builder_version=&#8221;4.21.0&#8243; _module_preset=&#8221;default&#8221; global_colors_info=&#8221;{}&#8221;][et_pb_text _builder_version=&#8221;4.21.0&#8243; _module_preset=&#8221;default&#8221; min_height=&#8221;23.8px&#8221; global_colors_info=&#8221;{}&#8221;]<\/p>\n<p>\u00a0\u00a0\u00a0\u00a0\u00a0\u00a0\u00a0\u00a0 Photo credit: Enrico Matteucci | <a href=\"https:\/\/creativecommons.org\/licenses\/by\/2.0\/\">CC BY 2.0 Deed<\/a><\/p>\n<p>[\/et_pb_text][\/et_pb_column][\/et_pb_row][et_pb_row column_structure=&#8221;1_2,1_2&#8243; _builder_version=&#8221;4.16&#8243; global_colors_info=&#8221;{}&#8221;][et_pb_column type=&#8221;1_2&#8243; _builder_version=&#8221;4.16&#8243; global_colors_info=&#8221;{}&#8221;][et_pb_image src=&#8221;https:\/\/socio-bee.eu\/wp-content\/uploads\/2024\/03\/P1040782.jpg&#8221; title_text=&#8221;P1040782&#8243; _builder_version=&#8221;4.21.0&#8243; width=&#8221;99.9%&#8221; module_alignment=&#8221;center&#8221; custom_margin=&#8221;|3px||||&#8221; custom_padding=&#8221;|||31px||&#8221; box_shadow_style=&#8221;preset2&#8243; global_colors_info=&#8221;{}&#8221;][\/et_pb_image][et_pb_image src=&#8221;https:\/\/socio-bee.eu\/wp-content\/uploads\/2024\/01\/portoaerea.jpg&#8221; title_text=&#8221;portoaerea&#8221; _builder_version=&#8221;4.21.0&#8243; _module_preset=&#8221;default&#8221; custom_padding=&#8221;|||29px||&#8221; global_colors_info=&#8221;{}&#8221;][\/et_pb_image][\/et_pb_column][et_pb_column type=&#8221;1_2&#8243; _builder_version=&#8221;4.16&#8243; global_colors_info=&#8221;{}&#8221;][et_pb_text _builder_version=&#8221;4.21.0&#8243; text_font_size=&#8221;18px&#8221; header_font=&#8221;Roboto|700|||||||&#8221; header_text_color=&#8221;#5a0c1c&#8221; header_font_size=&#8221;50px&#8221; animation_style=&#8221;slide&#8221; animation_direction=&#8221;left&#8221; global_colors_info=&#8221;{}&#8221;]<\/p>\n<h1>IL PROGETTO<\/h1>\n<p>[\/et_pb_text][et_pb_divider color=&#8221;#e09900&#8243; _builder_version=&#8221;4.16&#8243; global_colors_info=&#8221;{}&#8221;][\/et_pb_divider][et_pb_text _builder_version=&#8221;4.21.0&#8243; text_font_size=&#8221;18px&#8221; global_colors_info=&#8221;{}&#8221;]<\/p>\n<p>Socio-Bee \u00e8 un progetto europeo di Citizen Science che mira a delineare ed eseguire esperimenti di Citizen Science con l&#8217;ambiente come tema centrale. Utilizzando dispositivi portatili, i cittadini misureranno la qualit\u00e0 dell&#8217;aria con il supporto di funzionari locali e gruppi di azione. Ancona \u00e8 una delle tre citt\u00e0 europee, in cui si sviluppa il progetto, i risultati ottenuti nelle tre citt\u00e0 ci permetteranno di validare l&#8217;efficacia del progetto. Utilizziamo la metafora dell&#8217;alveare poich\u00e9 il contributo e il lavoro di tutti i partecipanti \u00e8 importante e necessario:<\/p>\n<ul>\n<li>Le api operaie effettuano misurazioni per raccogliere dati in diverse aree utilizzando un cellulare e un sensore.<\/li>\n<li>Le api regine progettano le campagne a cui puoi partecipare.<\/li>\n<li>Gli apicoltori si prenderanno cura dell&#8217;alveare e si assicureranno che cresca.<\/li>\n<li>Gli orsi analizzano i dati raccolti con i sensori e il cellulare per fare politiche migliori.<\/li>\n<\/ul>\n<p>Ottenute le misurazioni della qualit\u00e0 dell&#8217;aria, queste vengono analizzate, discusse e si traggono conclusioni sulle misurazioni. Queste conclusioni ci aiuteranno a convalidare ipotesi volte a mitigare e ridurre l&#8217;inquinamento atmosferico nella citt\u00e0 di Ancona. E ci permetteranno di influenzare i processi decisionali per ridurre i livelli di inquinamento nelle citt\u00e0 e creare fiducia tra cittadini e istituzioni.<\/p>\n<p>[\/et_pb_text][\/et_pb_column][\/et_pb_row][\/et_pb_section][et_pb_section fb_built=&#8221;1&#8243; _builder_version=&#8221;4.16&#8243; background_color=&#8221;rgba(198,141,34,0.1)&#8221; global_colors_info=&#8221;{}&#8221;][et_pb_row column_structure=&#8221;2_5,3_5&#8243; _builder_version=&#8221;4.21.0&#8243; global_colors_info=&#8221;{}&#8221;][et_pb_column type=&#8221;2_5&#8243; _builder_version=&#8221;4.16&#8243; global_colors_info=&#8221;{}&#8221;][et_pb_text _builder_version=&#8221;4.21.0&#8243; text_font_size=&#8221;18px&#8221; header_font=&#8221;Roboto|700|||||||&#8221; header_text_color=&#8221;#5a0c1c&#8221; header_font_size=&#8221;50px&#8221; animation_style=&#8221;slide&#8221; animation_direction=&#8221;left&#8221; global_colors_info=&#8221;{}&#8221;]<\/p>\n<h1>PARTECIPA<\/h1>\n<p>[\/et_pb_text][et_pb_divider color=&#8221;#e09900&#8243; _builder_version=&#8221;4.16&#8243; global_colors_info=&#8221;{}&#8221;][\/et_pb_divider][et_pb_text _builder_version=&#8221;4.21.0&#8243; _module_preset=&#8221;default&#8221; text_font_size=&#8221;18px&#8221; global_colors_info=&#8221;{}&#8221;]<\/p>\n<p>Con la tua partecipazione, contribuirai in modo sostanziale al raggiungimento degli obiettivi principali del progetto SOCIO-BEE, trattandosi di un progetto di Citizen Science.<\/p>\n<p>Attraverso la sua metodologia di partecipazione e l&#8217;insieme di strumenti progettati per promuovere un cambiamento nella societ\u00e0 nel campo della qualit\u00e0 dell&#8217;aria.<\/p>\n<p>Per ulteriori informazioni, scrivici a <a href=\"mailto:ancona@socio-bee.eu\">ancona@socio-bee.eu<\/a><\/p>\n<p>[\/et_pb_text][et_pb_divider show_divider=&#8221;off&#8221; _builder_version=&#8221;4.21.0&#8243; _module_preset=&#8221;default&#8221; global_colors_info=&#8221;{}&#8221;][\/et_pb_divider][et_pb_button button_url=&#8221;mailto:ancona@socio-bee.eu&#8221; url_new_window=&#8221;on&#8221; button_text=&#8221;Unisciti a noi&#8221; button_alignment=&#8221;left&#8221; _builder_version=&#8221;4.21.0&#8243; _module_preset=&#8221;default&#8221; custom_button=&#8221;on&#8221; button_text_color=&#8221;#FFFFFF&#8221; button_bg_color=&#8221;#E09900&#8243; button_border_width=&#8221;0px&#8221; button_font=&#8221;||||||||&#8221; button_icon=&#8221;&#x35;||divi||400&#8243; custom_margin=&#8221;-30px|||||&#8221; custom_padding=&#8221;|30px||30px|false|false&#8221; global_colors_info=&#8221;{}&#8221;][\/et_pb_button][\/et_pb_column][et_pb_column type=&#8221;3_5&#8243; _builder_version=&#8221;4.16&#8243; global_colors_info=&#8221;{}&#8221;][et_pb_divider show_divider=&#8221;off&#8221; _builder_version=&#8221;4.21.0&#8243; _module_preset=&#8221;default&#8221; width=&#8221;100%&#8221; custom_margin=&#8221;0px||||false|false&#8221; custom_padding=&#8221;||125px||false|false&#8221; global_colors_info=&#8221;{}&#8221;][\/et_pb_divider][et_pb_image src=&#8221;https:\/\/socio-bee.eu\/wp-content\/uploads\/2024\/03\/Immagine-WhatsApp-2024-03-25-ore-11.48.32_f25206ef.jpg&#8221; title_text=&#8221;Immagine WhatsApp 2024-03-25 ore 11.48.32_f25206ef&#8221; _builder_version=&#8221;4.21.0&#8243; _module_preset=&#8221;default&#8221; box_shadow_style=&#8221;preset2&#8243; global_colors_info=&#8221;{}&#8221;][\/et_pb_image][\/et_pb_column][\/et_pb_row][et_pb_row _builder_version=&#8221;4.16&#8243; custom_margin=&#8221;28px|auto||auto||&#8221; global_colors_info=&#8221;{}&#8221;][et_pb_column type=&#8221;4_4&#8243; _builder_version=&#8221;4.16&#8243; global_colors_info=&#8221;{}&#8221;][et_pb_text _builder_version=&#8221;4.21.0&#8243; text_font_size=&#8221;18px&#8221; header_font=&#8221;Roboto|700|||||||&#8221; header_text_color=&#8221;#5a0c1c&#8221; header_font_size=&#8221;50px&#8221; header_2_font=&#8221;|800|||||||&#8221; header_2_text_color=&#8221;#e09900&#8243; header_2_font_size=&#8221;30px&#8221; animation_style=&#8221;slide&#8221; animation_direction=&#8221;left&#8221; global_colors_info=&#8221;{}&#8221;]<\/p>\n<blockquote><\/blockquote>\n<h2>CITIZEN SCIENCE IN ANCONA<\/h2>\n<blockquote><\/blockquote>\n<p>[\/et_pb_text][et_pb_divider color=&#8221;#e09900&#8243; _builder_version=&#8221;4.21.0&#8243; width=&#8221;100%&#8221; global_colors_info=&#8221;{}&#8221;][\/et_pb_divider][\/et_pb_column][\/et_pb_row][et_pb_row column_structure=&#8221;1_2,1_2&#8243; _builder_version=&#8221;4.16&#8243; global_colors_info=&#8221;{}&#8221;][et_pb_column type=&#8221;1_2&#8243; _builder_version=&#8221;4.16&#8243; global_colors_info=&#8221;{}&#8221;][et_pb_image src=&#8221;https:\/\/socio-bee.eu\/wp-content\/uploads\/2024\/03\/WhatsApp-Image-2023-06-27-at-22.10.39.jpeg&#8221; title_text=&#8221;WhatsApp Image 2023-06-27 at 22.10.39&#8243; _builder_version=&#8221;4.21.0&#8243; box_shadow_style=&#8221;preset2&#8243; global_colors_info=&#8221;{}&#8221;][\/et_pb_image][\/et_pb_column][et_pb_column type=&#8221;1_2&#8243; _builder_version=&#8221;4.16&#8243; global_colors_info=&#8221;{}&#8221;][et_pb_image src=&#8221;https:\/\/socio-bee.eu\/wp-content\/uploads\/2024\/03\/P1040776.jpg&#8221; title_text=&#8221;P1040776&#8243; _builder_version=&#8221;4.21.0&#8243; box_shadow_style=&#8221;preset2&#8243; global_colors_info=&#8221;{}&#8221;][\/et_pb_image][\/et_pb_column][\/et_pb_row][et_pb_row _builder_version=&#8221;4.21.0&#8243; _module_preset=&#8221;default&#8221; global_colors_info=&#8221;{}&#8221;][et_pb_column type=&#8221;4_4&#8243; _builder_version=&#8221;4.21.0&#8243; _module_preset=&#8221;default&#8221; global_colors_info=&#8221;{}&#8221;][et_pb_divider show_divider=&#8221;off&#8221; _builder_version=&#8221;4.21.0&#8243; _module_preset=&#8221;default&#8221; global_colors_info=&#8221;{}&#8221;][\/et_pb_divider][\/et_pb_column][\/et_pb_row][\/et_pb_section][et_pb_section fb_built=&#8221;1&#8243; _builder_version=&#8221;4.16&#8243; background_enable_color=&#8221;off&#8221; background_enable_image=&#8221;off&#8221; background_size=&#8221;contain&#8221; global_colors_info=&#8221;{}&#8221;][et_pb_row _builder_version=&#8221;4.16&#8243; global_colors_info=&#8221;{}&#8221;][et_pb_column type=&#8221;4_4&#8243; _builder_version=&#8221;4.16&#8243; global_colors_info=&#8221;{}&#8221;][et_pb_text _builder_version=&#8221;4.21.0&#8243; text_font_size=&#8221;18px&#8221; header_font=&#8221;Roboto|700|||||||&#8221; header_text_color=&#8221;#5a0c1c&#8221; header_font_size=&#8221;50px&#8221; animation_style=&#8221;slide&#8221; animation_direction=&#8221;left&#8221; global_colors_info=&#8221;{}&#8221;]<\/p>\n<h1>INFORMAZIONI E RISORSE<\/h1>\n<p>[\/et_pb_text][\/et_pb_column][\/et_pb_row][et_pb_row column_structure=&#8221;1_3,1_3,1_3&#8243; _builder_version=&#8221;4.16&#8243; global_colors_info=&#8221;{}&#8221;][et_pb_column type=&#8221;1_3&#8243; _builder_version=&#8221;4.16&#8243; global_colors_info=&#8221;{}&#8221;][et_pb_cta title=&#8221;Informazioni sull&#8217;iscrizione&#8221; button_url=&#8221;https:\/\/socio-bee.eu\/wp-content\/uploads\/2024\/03\/SOCIO-BEE-flyer_IT.pdf&#8221; url_new_window=&#8221;on&#8221; button_text=&#8221;Scarica la brochure&#8221; _builder_version=&#8221;4.21.0&#8243; header_font=&#8221;|800|||||||&#8221; header_font_size=&#8221;35px&#8221; background_color=&#8221;#e06100&#8243; custom_button=&#8221;on&#8221; button_text_size=&#8221;15px&#8221; border_radii=&#8221;on|10px|10px|10px|10px&#8221; box_shadow_style=&#8221;preset2&#8243; global_colors_info=&#8221;{}&#8221;][\/et_pb_cta][\/et_pb_column][et_pb_column type=&#8221;1_3&#8243; _builder_version=&#8221;4.16&#8243; global_colors_info=&#8221;{}&#8221;][et_pb_cta title=&#8221;Materiale didattico&#8221; button_url=&#8221;https:\/\/socio-bee.eu\/?page_id=2550&#038;lang=it&#8221; url_new_window=&#8221;on&#8221; button_text=&#8221;Scopri di pi\u00f9&#8221; _builder_version=&#8221;4.21.0&#8243; header_font=&#8221;|800|||||||&#8221; header_font_size=&#8221;35px&#8221; background_color=&#8221;#5a0c1c&#8221; custom_button=&#8221;on&#8221; button_text_size=&#8221;16px&#8221; border_radii=&#8221;on|10px|10px|10px|10px&#8221; box_shadow_style=&#8221;preset2&#8243; global_colors_info=&#8221;{}&#8221;][\/et_pb_cta][\/et_pb_column][et_pb_column type=&#8221;1_3&#8243; _builder_version=&#8221;4.16&#8243; global_colors_info=&#8221;{}&#8221;][et_pb_cta title=&#8221;Risorse sulla qualit\u00e0 dell&#8217;aria&#8221; button_url=&#8221;https:\/\/socio-bee.eu\/?page_id=1145&#8243; button_text=&#8221;Scopri di pi\u00f9&#8221; _builder_version=&#8221;4.21.0&#8243; header_font=&#8221;|800|||||||&#8221; header_font_size=&#8221;35px&#8221; background_color=&#8221;#e06100&#8243; custom_button=&#8221;on&#8221; button_text_size=&#8221;15px&#8221; border_radii=&#8221;on|10px|10px|10px|10px&#8221; box_shadow_style=&#8221;preset2&#8243; global_colors_info=&#8221;{}&#8221;][\/et_pb_cta][\/et_pb_column][\/et_pb_row][\/et_pb_section][et_pb_section fb_built=&#8221;1&#8243; _builder_version=&#8221;4.16&#8243; background_color=&#8221;rgba(224,153,0,0.5)&#8221; global_colors_info=&#8221;{}&#8221;][et_pb_row _builder_version=&#8221;4.21.0&#8243; global_colors_info=&#8221;{}&#8221;][et_pb_column type=&#8221;4_4&#8243; _builder_version=&#8221;4.16&#8243; global_colors_info=&#8221;{}&#8221;][et_pb_image src=&#8221;https:\/\/socio-bee.eu\/wp-content\/uploads\/2023\/10\/SOCIO-BEE-logo-only-symbol-.png&#8221; title_text=&#8221;SOCIO-BEE logo only symbol&#8221; align=&#8221;center&#8221; _builder_version=&#8221;4.21.0&#8243; width=&#8221;17%&#8221; global_colors_info=&#8221;{}&#8221;][\/et_pb_image][et_pb_text _builder_version=&#8221;4.21.0&#8243; text_font_size=&#8221;18px&#8221; header_font=&#8221;Roboto|700|||||||&#8221; header_text_color=&#8221;#5a0c1c&#8221; header_font_size=&#8221;50px&#8221; animation_style=&#8221;slide&#8221; animation_direction=&#8221;left&#8221; global_colors_info=&#8221;{}&#8221;]<\/p>\n<h1 style=\"text-align: center;\">Join the SOCIO-BEE community<\/h1>\n<p style=\"text-align: center;\">Follow our social media channels to stay up-to-date on project and pilot activities.<\/p>\n<p>[\/et_pb_text][et_pb_social_media_follow icon_color=&#8221;#ffffff&#8221; use_icon_font_size=&#8221;on&#8221; icon_font_size=&#8221;40px&#8221; _builder_version=&#8221;4.16&#8243; text_orientation=&#8221;center&#8221; custom_padding=&#8221;||||false|false&#8221; global_colors_info=&#8221;{}&#8221;][et_pb_social_media_follow_network social_network=&#8221;linkedin&#8221; url=&#8221;https:\/\/www.linkedin.com\/company\/socio-bee\/&#8221; _builder_version=&#8221;4.16&#8243; background_color=&#8221;#007bb6&#8243; global_colors_info=&#8221;{}&#8221; follow_button=&#8221;off&#8221; url_new_window=&#8221;on&#8221;]linkedin[\/et_pb_social_media_follow_network][et_pb_social_media_follow_network social_network=&#8221;twitter&#8221; url=&#8221;https:\/\/twitter.com\/socio_bee?lang=en&#8221; _builder_version=&#8221;4.16&#8243; background_color=&#8221;#00aced&#8221; global_colors_info=&#8221;{}&#8221; follow_button=&#8221;off&#8221; url_new_window=&#8221;on&#8221;]twitter[\/et_pb_social_media_follow_network][et_pb_social_media_follow_network social_network=&#8221;facebook&#8221; url=&#8221;https:\/\/www.facebook.com\/sociobee.h2020\/&#8221; _builder_version=&#8221;4.16&#8243; background_color=&#8221;#3b5998&#8243; global_colors_info=&#8221;{}&#8221; follow_button=&#8221;off&#8221; url_new_window=&#8221;on&#8221;]facebook[\/et_pb_social_media_follow_network][et_pb_social_media_follow_network social_network=&#8221;youtube&#8221; url=&#8221;https:\/\/www.youtube.com\/@socio-bee&#8221; _builder_version=&#8221;4.16&#8243; background_color=&#8221;#a82400&#8243; global_colors_info=&#8221;{}&#8221; follow_button=&#8221;off&#8221; url_new_window=&#8221;on&#8221;]youtube[\/et_pb_social_media_follow_network][\/et_pb_social_media_follow][et_pb_image src=&#8221;https:\/\/socio-bee.eu\/wp-content\/uploads\/2023\/11\/socio-bee_logos_piloto_zgz.png&#8221; title_text=&#8221;socio-bee_logos_piloto_zgz&#8221; _builder_version=&#8221;4.21.0&#8243; _module_preset=&#8221;default&#8221; global_colors_info=&#8221;{}&#8221;][\/et_pb_image][\/et_pb_column][\/et_pb_row][\/et_pb_section]<\/p>\n","protected":false},"excerpt":{"rendered":"<p>AnconaAnalizzare la qualit\u00e0 dell&#8217;aria attraverso dispositivi di misurazione e citizen science per il cambiamento comportamentale\u00a0\u00a0\u00a0\u00a0\u00a0\u00a0\u00a0\u00a0 Photo credit: Enrico Matteucci | CC BY 2.0 DeedIL PROGETTOSocio-Bee \u00e8 un progetto europeo di Citizen Science che mira a delineare ed eseguire esperimenti di Citizen Science con l&#8217;ambiente come tema centrale. Utilizzando dispositivi portatili, i cittadini misureranno la qualit\u00e0 [&hellip;]<\/p>\n","protected":false},"author":4,"featured_media":0,"parent":0,"menu_order":0,"comment_status":"closed","ping_status":"closed","template":"","meta":{"_et_pb_use_builder":"on","_et_pb_old_content":"","_et_gb_content_width":"","om_disable_all_campaigns":false,"_monsterinsights_skip_tracking":false,"_monsterinsights_sitenote_active":false,"_monsterinsights_sitenote_note":"","_monsterinsights_sitenote_category":0,"footnotes":""},"class_list":["post-1610","page","type-page","status-publish","hentry"],"jetpack_sharing_enabled":true,"_links":{"self":[{"href":"https:\/\/socio-bee.eu\/index.php?rest_route=\/wp\/v2\/pages\/1610","targetHints":{"allow":["GET"]}}],"collection":[{"href":"https:\/\/socio-bee.eu\/index.php?rest_route=\/wp\/v2\/pages"}],"about":[{"href":"https:\/\/socio-bee.eu\/index.php?rest_route=\/wp\/v2\/types\/page"}],"author":[{"embeddable":true,"href":"https:\/\/socio-bee.eu\/index.php?rest_route=\/wp\/v2\/users\/4"}],"replies":[{"embeddable":true,"href":"https:\/\/socio-bee.eu\/index.php?rest_route=%2Fwp%2Fv2%2Fcomments&post=1610"}],"version-history":[{"count":6,"href":"https:\/\/socio-bee.eu\/index.php?rest_route=\/wp\/v2\/pages\/1610\/revisions"}],"predecessor-version":[{"id":3263,"href":"https:\/\/socio-bee.eu\/index.php?rest_route=\/wp\/v2\/pages\/1610\/revisions\/3263"}],"wp:attachment":[{"href":"https:\/\/socio-bee.eu\/index.php?rest_route=%2Fwp%2Fv2%2Fmedia&parent=1610"}],"curies":[{"name":"wp","href":"https:\/\/api.w.org\/{rel}","templated":true}]}}