{"id":1476,"date":"2024-03-06T09:27:51","date_gmt":"2024-03-06T09:27:51","guid":{"rendered":"https:\/\/socio-bee.eu\/?page_id=1476"},"modified":"2024-09-30T10:18:55","modified_gmt":"2024-09-30T08:18:55","slug":"spanish-page","status":"publish","type":"page","link":"https:\/\/socio-bee.eu\/?page_id=1476&lang=es","title":{"rendered":"Zaragoza"},"content":{"rendered":"<p>[et_pb_section fb_built=&#8221;1&#8243; _builder_version=&#8221;4.21.0&#8243; background_image=&#8221;https:\/\/socio-bee.eu\/wp-content\/uploads\/2023\/12\/13472595613_cbc1f4d534_o-scaled.jpg&#8221; global_colors_info=&#8221;{}&#8221;][et_pb_row _builder_version=&#8221;4.16&#8243; global_colors_info=&#8221;{}&#8221;][et_pb_column type=&#8221;4_4&#8243; _builder_version=&#8221;4.16&#8243; global_colors_info=&#8221;{}&#8221;][et_pb_text _builder_version=&#8221;4.16&#8243; header_font=&#8221;|800|||||||&#8221; header_text_align=&#8221;center&#8221; header_text_color=&#8221;#ffffff&#8221; header_font_size=&#8221;70px&#8221; global_colors_info=&#8221;{}&#8221;]<\/p>\n<h1>Zaragoza<\/h1>\n<p>[\/et_pb_text][et_pb_divider color=&#8221;RGBA(255,255,255,0)&#8221; _builder_version=&#8221;4.21.0&#8243; _module_preset=&#8221;default&#8221; min_height=&#8221;75px&#8221; global_colors_info=&#8221;{}&#8221;][\/et_pb_divider][et_pb_text _builder_version=&#8221;4.16&#8243; text_font=&#8221;Roboto||||||||&#8221; text_text_color=&#8221;#ffffff&#8221; text_font_size=&#8221;25px&#8221; background_color=&#8221;rgba(224,153,0,0.2)&#8221; text_orientation=&#8221;center&#8221; custom_padding=&#8221;10px|10px|10px|10px|false|false&#8221; global_colors_info=&#8221;{}&#8221;]<\/p>\n<p>Analizando la calidad del aire a trav\u00e9s de dispositivos de medici\u00f3n y ciencia ciudadana para el cambio de comportamiento<\/p>\n<p>[\/et_pb_text][\/et_pb_column][\/et_pb_row][\/et_pb_section][et_pb_section fb_built=&#8221;1&#8243; _builder_version=&#8221;4.16&#8243; background_color=&#8221;rgba(198,141,34,0.1)&#8221; background_enable_image=&#8221;off&#8221; background_size=&#8221;initial&#8221; background_repeat=&#8221;space&#8221; background_blend=&#8221;multiply&#8221; global_colors_info=&#8221;{}&#8221;][et_pb_row column_structure=&#8221;1_2,1_2&#8243; _builder_version=&#8221;4.16&#8243; global_colors_info=&#8221;{}&#8221;][et_pb_column type=&#8221;1_2&#8243; _builder_version=&#8221;4.16&#8243; global_colors_info=&#8221;{}&#8221;][et_pb_image src=&#8221;https:\/\/socio-bee.eu\/wp-content\/uploads\/2023\/12\/socio-bee-mediciones_2.jpg&#8221; title_text=&#8221;socio-bee-mediciones_2&#8243; _builder_version=&#8221;4.21.0&#8243; width=&#8221;82%&#8221; module_alignment=&#8221;center&#8221; box_shadow_style=&#8221;preset2&#8243; global_colors_info=&#8221;{}&#8221;][\/et_pb_image][\/et_pb_column][et_pb_column type=&#8221;1_2&#8243; _builder_version=&#8221;4.16&#8243; global_colors_info=&#8221;{}&#8221;][et_pb_text _builder_version=&#8221;4.16&#8243; text_font_size=&#8221;18px&#8221; header_font=&#8221;Roboto|700|||||||&#8221; header_text_color=&#8221;#5a0c1c&#8221; header_font_size=&#8221;50px&#8221; animation_style=&#8221;slide&#8221; animation_direction=&#8221;left&#8221; global_colors_info=&#8221;{}&#8221;]<\/p>\n<h1 style=\"text-align: center;\">ACERCA DEL PROYECTO<\/h1>\n<p>[\/et_pb_text][et_pb_divider color=&#8221;#e09900&#8243; _builder_version=&#8221;4.16&#8243; global_colors_info=&#8221;{}&#8221;][\/et_pb_divider][et_pb_text _builder_version=&#8221;4.21.0&#8243; text_font_size=&#8221;18px&#8221; global_colors_info=&#8221;{}&#8221;]<\/p>\n<p style=\"text-align: justify;\">El proyecto europeo SOCIO-BEE busca contruir en la ciudad de Zaragoza comunidades que trabajen juntas en el monitoreo de la calidad del aire de la ciudad.<\/p>\n<p style=\"text-align: justify;\">La recolecci\u00f3n y an\u00e1lisis de los datos de calidad del aire, realizada a trav\u00e9s de la tecnolog\u00eda del proyecto, proporcionar\u00e1 evidencia cient\u00edfica con la que influir en las pol\u00edticas de movilidad o planeamiento urbano de nuestra ciudad.<\/p>\n<p style=\"text-align: justify;\">Adem\u00e1s, los participantes dispondr\u00e1n de datos que, obtenidos por ellos mismos, les servir\u00e1n para tomar decisiones sobre su d\u00eda a d\u00eda.<\/p>\n<p style=\"text-align: justify;\">Trabajaremos con ni\u00f1os y j\u00f3venes que probar\u00e1n la utilidad de la tecnolog\u00eda desarrollada por SOCIO-BEE, participando en campa\u00f1as de ciencia ciudadana que medir\u00e1n la calidad del aire que respiran en tiempo real. Estas comunidades formadas alrededor de la calidad del aire podr\u00e1n permanecer activas y abiertas para cualquiera que pueda unirse y mejorar la calidad del aire de los barrios zaragozanos.<\/p>\n<p>[\/et_pb_text][\/et_pb_column][\/et_pb_row][et_pb_row _builder_version=&#8221;4.21.0&#8243; _module_preset=&#8221;default&#8221; custom_padding=&#8221;53px|||462px||&#8221; global_colors_info=&#8221;{}&#8221;][et_pb_column type=&#8221;4_4&#8243; _builder_version=&#8221;4.21.0&#8243; _module_preset=&#8221;default&#8221; global_colors_info=&#8221;{}&#8221;][et_pb_video src=&#8221;https:\/\/www.youtube.com\/watch?v=CnnlVdBa-pE&#038;ab_channel=SOCIO-BEE&#8221; image_src=&#8221;https:\/\/socio-bee.eu\/wp-content\/uploads\/2024\/01\/Screenshot-20.png&#8221; _builder_version=&#8221;4.21.0&#8243; _module_preset=&#8221;default&#8221; width=&#8221;100%&#8221; min_height=&#8221;335.9px&#8221; custom_margin=&#8221;3px|620px|60px|-1px|false|false&#8221; custom_padding=&#8221;4px|0px|0px|0px||&#8221; border_color_all=&#8221;#000000&#8243; border_style_all=&#8221;none&#8221; border_width_top=&#8221;0px&#8221; border_style_top=&#8221;none&#8221; box_shadow_style=&#8221;preset2&#8243; global_colors_info=&#8221;{}&#8221;][\/et_pb_video][\/et_pb_column][\/et_pb_row][\/et_pb_section][et_pb_section fb_built=&#8221;1&#8243; _builder_version=&#8221;4.16&#8243; background_color=&#8221;rgba(198,141,34,0.1)&#8221; global_colors_info=&#8221;{}&#8221;][et_pb_row _builder_version=&#8221;4.16&#8243; min_height=&#8221;169.3px&#8221; custom_margin=&#8221;-120px|auto||auto||&#8221; custom_padding=&#8221;||0px|||&#8221; global_colors_info=&#8221;{}&#8221;][et_pb_column type=&#8221;4_4&#8243; _builder_version=&#8221;4.16&#8243; global_colors_info=&#8221;{}&#8221;][et_pb_text _builder_version=&#8221;4.21.0&#8243; text_font_size=&#8221;18px&#8221; header_font=&#8221;Roboto|700|||||||&#8221; header_text_color=&#8221;#5a0c1c&#8221; header_font_size=&#8221;50px&#8221; animation_style=&#8221;slide&#8221; animation_direction=&#8221;left&#8221; global_colors_info=&#8221;{}&#8221;]<\/p>\n<h1>CALENDARIO<\/h1>\n<p>[\/et_pb_text][et_pb_divider color=&#8221;#e09900&#8243; _builder_version=&#8221;4.16&#8243; global_colors_info=&#8221;{}&#8221;][\/et_pb_divider][\/et_pb_column][\/et_pb_row][et_pb_row _builder_version=&#8221;4.21.0&#8243; _module_preset=&#8221;default&#8221; global_colors_info=&#8221;{}&#8221;][et_pb_column type=&#8221;4_4&#8243; _builder_version=&#8221;4.21.0&#8243; _module_preset=&#8221;default&#8221; global_colors_info=&#8221;{}&#8221;][et_pb_image src=&#8221;https:\/\/socio-bee.eu\/wp-content\/uploads\/2024\/01\/Untitled-design-5.png&#8221; title_text=&#8221;Untitled design (5)&#8221; _builder_version=&#8221;4.21.0&#8243; _module_preset=&#8221;default&#8221; global_colors_info=&#8221;{}&#8221;][\/et_pb_image][\/et_pb_column][\/et_pb_row][et_pb_row _builder_version=&#8221;4.21.0&#8243; _module_preset=&#8221;default&#8221; global_colors_info=&#8221;{}&#8221;][et_pb_column type=&#8221;4_4&#8243; _builder_version=&#8221;4.21.0&#8243; _module_preset=&#8221;default&#8221; global_colors_info=&#8221;{}&#8221;][et_pb_divider show_divider=&#8221;off&#8221; _builder_version=&#8221;4.21.0&#8243; _module_preset=&#8221;default&#8221; global_colors_info=&#8221;{}&#8221;][\/et_pb_divider][\/et_pb_column][\/et_pb_row][et_pb_row column_structure=&#8221;2_5,3_5&#8243; _builder_version=&#8221;4.21.0&#8243; global_colors_info=&#8221;{}&#8221;][et_pb_column type=&#8221;2_5&#8243; _builder_version=&#8221;4.16&#8243; global_colors_info=&#8221;{}&#8221;][et_pb_text _builder_version=&#8221;4.16&#8243; text_font_size=&#8221;18px&#8221; header_font=&#8221;Roboto|700|||||||&#8221; header_text_color=&#8221;#5a0c1c&#8221; header_font_size=&#8221;50px&#8221; animation_style=&#8221;slide&#8221; animation_direction=&#8221;left&#8221; global_colors_info=&#8221;{}&#8221;]<\/p>\n<h1>PARTICIPA<\/h1>\n<p>[\/et_pb_text][et_pb_divider color=&#8221;#e09900&#8243; _builder_version=&#8221;4.16&#8243; global_colors_info=&#8221;{}&#8221;][\/et_pb_divider][et_pb_text _builder_version=&#8221;4.21.0&#8243; _module_preset=&#8221;default&#8221; text_font_size=&#8221;18px&#8221; global_colors_info=&#8221;{}&#8221;]<\/p>\n<p style=\"text-align: justify;\">A principios de 2024 se lanzar\u00e1 una convocatoria abierta para los centros educativos que quieran participar en SOCIO-BEE llevando a cabo campa\u00f1as de ciencia ciudadana con las que aprender de calidad del aire y trabajar con la tecnolog\u00eda del proyecto.<\/p>\n<p style=\"text-align: justify;\">Adem\u00e1s, si te apasiona la tecnolog\u00eda y quieres que tu actividad tenga un imacto en la ciudad puedes ser parte de la colmena \/ comunidad de l ciudad de Zaragoza a partir del inicio de 2024. Te mostraremos los dispositivos para la medici\u00f3n de la calidad del aire de SOCIO-BBEE y podremos trabajar juntos en soluciones que mejoren la calidad del aire de nuestra ciudad. Si eres un investigador, est\u00e1s interesado en la tecnolog\u00eda TTN y la sensorizaci\u00f3n, o solamente te apetece participar, \u00a1Acomp\u00e1\u00f1anos!<\/p>\n<p style=\"text-align: justify;\">Escr\u00edbenos a <a href=\"mailto:zaragoza@socio-bee.eu\">zaragoza@socio-bee.eu<\/a> si quieres participar en las actividades del proyecto y visita su web o perfiles en redes sociales para conocer de primera mano c\u00f3mo marcha el proyecto.<\/p>\n<p>[\/et_pb_text][et_pb_divider show_divider=&#8221;off&#8221; _builder_version=&#8221;4.21.0&#8243; _module_preset=&#8221;default&#8221; global_colors_info=&#8221;{}&#8221;][\/et_pb_divider][et_pb_button button_url=&#8221;mailto:zaragoza@socio-bee.eu&#8221; url_new_window=&#8221;on&#8221; button_text=&#8221;\u00daNETE&#8221; button_alignment=&#8221;right&#8221; _builder_version=&#8221;4.21.0&#8243; _module_preset=&#8221;default&#8221; custom_button=&#8221;on&#8221; button_text_color=&#8221;#FFFFFF&#8221; button_bg_color=&#8221;#E09900&#8243; button_border_width=&#8221;0px&#8221; button_font=&#8221;||||||||&#8221; button_icon=&#8221;&#x35;||divi||400&#8243; custom_margin=&#8221;-30px|||||&#8221; custom_padding=&#8221;|30px||30px|false|false&#8221; global_colors_info=&#8221;{}&#8221;][\/et_pb_button][\/et_pb_column][et_pb_column type=&#8221;3_5&#8243; _builder_version=&#8221;4.16&#8243; global_colors_info=&#8221;{}&#8221;][et_pb_divider show_divider=&#8221;off&#8221; _builder_version=&#8221;4.21.0&#8243; _module_preset=&#8221;default&#8221; width=&#8221;100%&#8221; custom_margin=&#8221;0px||||false|false&#8221; custom_padding=&#8221;||125px||false|false&#8221; global_colors_info=&#8221;{}&#8221;][\/et_pb_divider][et_pb_image src=&#8221;https:\/\/socio-bee.eu\/wp-content\/uploads\/2023\/12\/socio-bee-mediciones.jpg&#8221; title_text=&#8221;socio-bee-mediciones&#8221; _builder_version=&#8221;4.21.0&#8243; _module_preset=&#8221;default&#8221; box_shadow_style=&#8221;preset2&#8243; global_colors_info=&#8221;{}&#8221;][\/et_pb_image][\/et_pb_column][\/et_pb_row][et_pb_row _builder_version=&#8221;4.16&#8243; custom_margin=&#8221;28px|auto||auto||&#8221; global_colors_info=&#8221;{}&#8221;][et_pb_column type=&#8221;4_4&#8243; _builder_version=&#8221;4.16&#8243; global_colors_info=&#8221;{}&#8221;][et_pb_text _builder_version=&#8221;4.21.0&#8243; text_font_size=&#8221;18px&#8221; header_font=&#8221;Roboto|700|||||||&#8221; header_text_color=&#8221;#5a0c1c&#8221; header_font_size=&#8221;50px&#8221; header_2_font=&#8221;|800|||||||&#8221; header_2_text_color=&#8221;#e09900&#8243; header_2_font_size=&#8221;30px&#8221; animation_style=&#8221;slide&#8221; animation_direction=&#8221;left&#8221; global_colors_info=&#8221;{}&#8221;]<\/p>\n<blockquote><\/blockquote>\n<h2>ACTIVIDAD DE CIENCIA CIUDADANA EN ZARAGOZA<\/h2>\n<blockquote><\/blockquote>\n<p>[\/et_pb_text][et_pb_divider color=&#8221;#e09900&#8243; _builder_version=&#8221;4.21.0&#8243; width=&#8221;100%&#8221; global_colors_info=&#8221;{}&#8221;][\/et_pb_divider][et_pb_text _builder_version=&#8221;4.21.0&#8243; text_font_size=&#8221;18px&#8221; global_colors_info=&#8221;{}&#8221;]<\/p>\n<p>Planteamos esta hip\u00f3tesis cient\u00edfica para ser validada a trav\u00e9s de la ciencia ciudadana en Zaragoza: \u00bfPuede la experimentaci\u00f3n cient\u00edfica llevada a cabo por estudiantes en la escuela, apoyada por la tecnolog\u00eda de SOCIO-BEE, ayudar a crear conciencia sobre la calidad del aire de nuestras ciudades?<\/p>\n<p>Objetivos de las campa\u00f1as de ciencia ciudadana:<\/p>\n<p>&nbsp;<\/p>\n<ol>\n<li>Facilitar la participaci\u00f3n activa de la juventud en el an\u00e1lisis de la calidad del aire de Zaragoza.<\/li>\n<li>Analizar y mostrar las conclusiones obtenidas en la experimentaci\u00f3n cient\u00edfica a trav\u00e9s de la tecnolog\u00eda del proyecto.<\/li>\n<li>Facilitar el an\u00e1lisis de la calidad del aire tras un proceso de codise\u00f1o de las campa\u00f1as, realizado por sus proios participantes.<\/li>\n<li>Probar las mejoras que se implentan en la tecnolog\u00eda del proyecto (software y hardware).<\/li>\n<\/ol>\n<p>[\/et_pb_text][\/et_pb_column][\/et_pb_row][et_pb_row column_structure=&#8221;1_2,1_2&#8243; _builder_version=&#8221;4.16&#8243; global_colors_info=&#8221;{}&#8221;][et_pb_column type=&#8221;1_2&#8243; _builder_version=&#8221;4.16&#8243; global_colors_info=&#8221;{}&#8221;][et_pb_image src=&#8221;https:\/\/socio-bee.eu\/wp-content\/uploads\/2023\/11\/Untitled1.jpg&#8221; title_text=&#8221;Untitled(1)&#8221; _builder_version=&#8221;4.21.0&#8243; box_shadow_style=&#8221;preset2&#8243; global_colors_info=&#8221;{}&#8221;][\/et_pb_image][\/et_pb_column][et_pb_column type=&#8221;1_2&#8243; _builder_version=&#8221;4.16&#8243; global_colors_info=&#8221;{}&#8221;][et_pb_image src=&#8221;https:\/\/socio-bee.eu\/wp-content\/uploads\/2023\/12\/socio-bee-reunion_2.jpg&#8221; title_text=&#8221;socio-bee-reunion_2&#8243; _builder_version=&#8221;4.21.0&#8243; box_shadow_style=&#8221;preset2&#8243; global_colors_info=&#8221;{}&#8221;][\/et_pb_image][\/et_pb_column][\/et_pb_row][et_pb_row _builder_version=&#8221;4.21.0&#8243; _module_preset=&#8221;default&#8221; global_colors_info=&#8221;{}&#8221;][et_pb_column type=&#8221;4_4&#8243; _builder_version=&#8221;4.21.0&#8243; _module_preset=&#8221;default&#8221; global_colors_info=&#8221;{}&#8221;][et_pb_divider color=&#8221;#e09900&#8243; _builder_version=&#8221;4.16&#8243; global_colors_info=&#8221;{}&#8221;][\/et_pb_divider][et_pb_text _builder_version=&#8221;4.21.0&#8243; text_font_size=&#8221;18px&#8221; header_font=&#8221;Roboto|700|||||||&#8221; header_text_color=&#8221;#5a0c1c&#8221; header_font_size=&#8221;50px&#8221; animation_style=&#8221;slide&#8221; animation_direction=&#8221;left&#8221; global_colors_info=&#8221;{}&#8221;]<\/p>\n<h1>ACTUALIDAD<\/h1>\n<p>[\/et_pb_text][\/et_pb_column][\/et_pb_row][et_pb_row _builder_version=&#8221;4.21.0&#8243; _module_preset=&#8221;default&#8221; custom_padding=&#8221;|0px||0px|false|false&#8221; global_colors_info=&#8221;{}&#8221;][et_pb_column type=&#8221;4_4&#8243; _builder_version=&#8221;4.21.0&#8243; _module_preset=&#8221;default&#8221; global_colors_info=&#8221;{}&#8221;][et_pb_blog fullwidth=&#8221;off&#8221; posts_number=&#8221;3&#8243; include_categories=&#8221;63&#8243; excerpt_length=&#8221;300&#8243; show_author=&#8221;off&#8221; show_date=&#8221;off&#8221; show_categories=&#8221;off&#8221; _builder_version=&#8221;4.21.0&#8243; _module_preset=&#8221;default&#8221; header_font_size=&#8221;20px&#8221; width=&#8221;100%&#8221; max_width=&#8221;100%&#8221; custom_padding=&#8221;|||0px|false|false&#8221; link_option_url_new_window=&#8221;on&#8221; box_shadow_style=&#8221;preset2&#8243; global_colors_info=&#8221;{}&#8221;][\/et_pb_blog][\/et_pb_column][\/et_pb_row][et_pb_row _builder_version=&#8221;4.21.0&#8243; _module_preset=&#8221;default&#8221; global_colors_info=&#8221;{}&#8221;][et_pb_column type=&#8221;4_4&#8243; _builder_version=&#8221;4.21.0&#8243; _module_preset=&#8221;default&#8221; global_colors_info=&#8221;{}&#8221;][et_pb_divider show_divider=&#8221;off&#8221; _builder_version=&#8221;4.21.0&#8243; _module_preset=&#8221;default&#8221; global_colors_info=&#8221;{}&#8221;][\/et_pb_divider][\/et_pb_column][\/et_pb_row][\/et_pb_section][et_pb_section fb_built=&#8221;1&#8243; _builder_version=&#8221;4.21.0&#8243; _module_preset=&#8221;default&#8221; global_colors_info=&#8221;{}&#8221;][\/et_pb_section][et_pb_section fb_built=&#8221;1&#8243; _builder_version=&#8221;4.16&#8243; background_enable_color=&#8221;off&#8221; background_enable_image=&#8221;off&#8221; background_size=&#8221;contain&#8221; global_colors_info=&#8221;{}&#8221;][et_pb_row _builder_version=&#8221;4.16&#8243; global_colors_info=&#8221;{}&#8221;][et_pb_column type=&#8221;4_4&#8243; _builder_version=&#8221;4.16&#8243; global_colors_info=&#8221;{}&#8221;][et_pb_text _builder_version=&#8221;4.21.0&#8243; text_font_size=&#8221;18px&#8221; header_font=&#8221;Roboto|700|||||||&#8221; header_text_color=&#8221;#5a0c1c&#8221; header_font_size=&#8221;50px&#8221; animation_style=&#8221;slide&#8221; animation_direction=&#8221;left&#8221; global_colors_info=&#8221;{}&#8221;]<\/p>\n<h1>INFORMACI\u00d3N Y RECURSOS<\/h1>\n<p>[\/et_pb_text][\/et_pb_column][\/et_pb_row][et_pb_row column_structure=&#8221;1_3,1_3,1_3&#8243; _builder_version=&#8221;4.16&#8243; global_colors_info=&#8221;{}&#8221;][et_pb_column type=&#8221;1_3&#8243; _builder_version=&#8221;4.16&#8243; global_colors_info=&#8221;{}&#8221;][et_pb_cta title=&#8221;\u00daNETE&#8221; button_url=&#8221;https:\/\/socio-bee.eu\/wp-content\/uploads\/2024\/03\/SOCIO-BEE-flyer_ES.pdf&#8221; url_new_window=&#8221;on&#8221; button_text=&#8221;DESCARGA EL FOLLETO&#8221; _builder_version=&#8221;4.21.0&#8243; header_font=&#8221;|800|||||||&#8221; header_font_size=&#8221;35px&#8221; background_color=&#8221;#e06100&#8243; custom_button=&#8221;on&#8221; button_text_size=&#8221;15px&#8221; border_radii=&#8221;on|10px|10px|10px|10px&#8221; box_shadow_style=&#8221;preset2&#8243; global_colors_info=&#8221;{}&#8221;][\/et_pb_cta][\/et_pb_column][et_pb_column type=&#8221;1_3&#8243; _builder_version=&#8221;4.16&#8243; global_colors_info=&#8221;{}&#8221;][et_pb_cta title=&#8221;MATERIALES DID\u00c1CTICOS&#8221; button_url=&#8221;https:\/\/socio-bee.eu\/?page_id=2537&#038;lang=es&#8221; url_new_window=&#8221;on&#8221; button_text=&#8221;SABER M\u00c1S&#8221; _builder_version=&#8221;4.21.0&#8243; header_font=&#8221;|800|||||||&#8221; header_font_size=&#8221;35px&#8221; background_color=&#8221;#5a0c1c&#8221; custom_button=&#8221;on&#8221; button_text_size=&#8221;16px&#8221; hover_enabled=&#8221;0&#8243; border_radii=&#8221;on|10px|10px|10px|10px&#8221; box_shadow_style=&#8221;preset2&#8243; global_colors_info=&#8221;{}&#8221; sticky_enabled=&#8221;0&#8243;][\/et_pb_cta][\/et_pb_column][et_pb_column type=&#8221;1_3&#8243; _builder_version=&#8221;4.16&#8243; global_colors_info=&#8221;{}&#8221;][et_pb_cta title=&#8221;RECURSOS SOBRE CALIDAD DEL AIRE&#8221; button_url=&#8221;https:\/\/socio-bee.eu\/?page_id=1145&#8243; button_text=&#8221;SABER M\u00c1S&#8221; _builder_version=&#8221;4.21.0&#8243; header_font=&#8221;|800|||||||&#8221; header_font_size=&#8221;35px&#8221; background_color=&#8221;#e06100&#8243; custom_button=&#8221;on&#8221; button_text_size=&#8221;15px&#8221; border_radii=&#8221;on|10px|10px|10px|10px&#8221; box_shadow_style=&#8221;preset2&#8243; global_colors_info=&#8221;{}&#8221;][\/et_pb_cta][\/et_pb_column][\/et_pb_row][\/et_pb_section][et_pb_section fb_built=&#8221;1&#8243; _builder_version=&#8221;4.16&#8243; background_color=&#8221;rgba(224,153,0,0.5)&#8221; global_colors_info=&#8221;{}&#8221;][et_pb_row _builder_version=&#8221;4.21.0&#8243; global_colors_info=&#8221;{}&#8221;][et_pb_column type=&#8221;4_4&#8243; _builder_version=&#8221;4.16&#8243; global_colors_info=&#8221;{}&#8221;][et_pb_image src=&#8221;https:\/\/socio-bee.eu\/wp-content\/uploads\/2023\/10\/SOCIO-BEE-logo-only-symbol-.png&#8221; title_text=&#8221;SOCIO-BEE logo only symbol&#8221; align=&#8221;center&#8221; _builder_version=&#8221;4.21.0&#8243; width=&#8221;17%&#8221; global_colors_info=&#8221;{}&#8221;][\/et_pb_image][et_pb_text _builder_version=&#8221;4.21.0&#8243; text_font_size=&#8221;18px&#8221; header_font=&#8221;Roboto|700|||||||&#8221; header_text_color=&#8221;#5a0c1c&#8221; header_font_size=&#8221;50px&#8221; animation_style=&#8221;slide&#8221; animation_direction=&#8221;left&#8221; global_colors_info=&#8221;{}&#8221;]<\/p>\n<h1 style=\"text-align: center;\">Join the SOCIO-BEE community<\/h1>\n<p style=\"text-align: center;\">Follow our social media channels to stay up-to-date on project and pilot activities.<\/p>\n<p>[\/et_pb_text][et_pb_social_media_follow icon_color=&#8221;#ffffff&#8221; use_icon_font_size=&#8221;on&#8221; icon_font_size=&#8221;40px&#8221; _builder_version=&#8221;4.16&#8243; text_orientation=&#8221;center&#8221; custom_padding=&#8221;||||false|false&#8221; global_colors_info=&#8221;{}&#8221;][et_pb_social_media_follow_network social_network=&#8221;linkedin&#8221; url=&#8221;https:\/\/www.linkedin.com\/company\/socio-bee\/&#8221; _builder_version=&#8221;4.16&#8243; background_color=&#8221;#007bb6&#8243; global_colors_info=&#8221;{}&#8221; follow_button=&#8221;off&#8221; url_new_window=&#8221;on&#8221;]linkedin[\/et_pb_social_media_follow_network][et_pb_social_media_follow_network social_network=&#8221;twitter&#8221; url=&#8221;https:\/\/twitter.com\/socio_bee?lang=en&#8221; _builder_version=&#8221;4.16&#8243; background_color=&#8221;#00aced&#8221; global_colors_info=&#8221;{}&#8221; follow_button=&#8221;off&#8221; url_new_window=&#8221;on&#8221;]twitter[\/et_pb_social_media_follow_network][et_pb_social_media_follow_network social_network=&#8221;facebook&#8221; url=&#8221;https:\/\/www.facebook.com\/sociobee.h2020\/&#8221; _builder_version=&#8221;4.16&#8243; background_color=&#8221;#3b5998&#8243; global_colors_info=&#8221;{}&#8221; follow_button=&#8221;off&#8221; url_new_window=&#8221;on&#8221;]facebook[\/et_pb_social_media_follow_network][et_pb_social_media_follow_network social_network=&#8221;youtube&#8221; url=&#8221;https:\/\/www.youtube.com\/@socio-bee&#8221; _builder_version=&#8221;4.16&#8243; background_color=&#8221;#a82400&#8243; global_colors_info=&#8221;{}&#8221; follow_button=&#8221;off&#8221; url_new_window=&#8221;on&#8221;]youtube[\/et_pb_social_media_follow_network][\/et_pb_social_media_follow][et_pb_image src=&#8221;https:\/\/socio-bee.eu\/wp-content\/uploads\/2023\/11\/socio-bee_logos_piloto_zgz.png&#8221; title_text=&#8221;socio-bee_logos_piloto_zgz&#8221; _builder_version=&#8221;4.21.0&#8243; _module_preset=&#8221;default&#8221; global_colors_info=&#8221;{}&#8221;][\/et_pb_image][\/et_pb_column][\/et_pb_row][\/et_pb_section]<\/p>\n","protected":false},"excerpt":{"rendered":"<p>ZaragozaAnalizando la calidad del aire a trav\u00e9s de dispositivos de medici\u00f3n y ciencia ciudadana para el cambio de comportamientoACERCA DEL PROYECTOEl proyecto europeo SOCIO-BEE busca contruir en la ciudad de Zaragoza comunidades que trabajen juntas en el monitoreo de la calidad del aire de la ciudad. La recolecci\u00f3n y an\u00e1lisis de los datos de calidad [&hellip;]<\/p>\n","protected":false},"author":4,"featured_media":0,"parent":0,"menu_order":0,"comment_status":"closed","ping_status":"closed","template":"","meta":{"_et_pb_use_builder":"on","_et_pb_old_content":"","_et_gb_content_width":"","om_disable_all_campaigns":false,"_monsterinsights_skip_tracking":false,"_monsterinsights_sitenote_active":false,"_monsterinsights_sitenote_note":"","_monsterinsights_sitenote_category":0,"footnotes":""},"class_list":["post-1476","page","type-page","status-publish","hentry"],"jetpack_sharing_enabled":true,"_links":{"self":[{"href":"https:\/\/socio-bee.eu\/index.php?rest_route=\/wp\/v2\/pages\/1476","targetHints":{"allow":["GET"]}}],"collection":[{"href":"https:\/\/socio-bee.eu\/index.php?rest_route=\/wp\/v2\/pages"}],"about":[{"href":"https:\/\/socio-bee.eu\/index.php?rest_route=\/wp\/v2\/types\/page"}],"author":[{"embeddable":true,"href":"https:\/\/socio-bee.eu\/index.php?rest_route=\/wp\/v2\/users\/4"}],"replies":[{"embeddable":true,"href":"https:\/\/socio-bee.eu\/index.php?rest_route=%2Fwp%2Fv2%2Fcomments&post=1476"}],"version-history":[{"count":14,"href":"https:\/\/socio-bee.eu\/index.php?rest_route=\/wp\/v2\/pages\/1476\/revisions"}],"predecessor-version":[{"id":3256,"href":"https:\/\/socio-bee.eu\/index.php?rest_route=\/wp\/v2\/pages\/1476\/revisions\/3256"}],"wp:attachment":[{"href":"https:\/\/socio-bee.eu\/index.php?rest_route=%2Fwp%2Fv2%2Fmedia&parent=1476"}],"curies":[{"name":"wp","href":"https:\/\/api.w.org\/{rel}","templated":true}]}}